{"id":2138,"date":"2021-09-17T08:26:46","date_gmt":"2021-09-17T08:26:46","guid":{"rendered":"http:\/\/catherine-ledoux-photographie.local\/accueil\/"},"modified":"2023-05-11T19:01:16","modified_gmt":"2023-05-11T19:01:16","slug":"accueil","status":"publish","type":"page","link":"http:\/\/clphoto.jennyprokopenko.ca\/fr\/","title":{"rendered":"Accueil"},"content":{"rendered":"\t\t<div data-elementor-type=\"wp-page\" data-elementor-id=\"2138\" class=\"elementor elementor-2138 elementor-392\" data-elementor-settings=\"[]\">\n\t\t\t\t\t\t\t<div class=\"elementor-section-wrap\">\n\t\t\t\t\t\t\t<section class=\"elementor-section elementor-top-section elementor-element elementor-element-a391907 elementor-section-full_width elementor-section-height-default elementor-section-height-default\" data-id=\"a391907\" data-element_type=\"section\">\n\t\t\t\t\t\t<div class=\"elementor-container elementor-column-gap-no\">\n\t\t\t\t\t<div class=\"elementor-column elementor-col-100 elementor-top-column elementor-element elementor-element-1b1d2c8\" data-id=\"1b1d2c8\" data-element_type=\"column\">\n\t\t\t<div class=\"elementor-widget-wrap elementor-element-populated\">\n\t\t\t\t\t\t\t\t<div class=\"elementor-element elementor-element-95c4356 elementor-widget elementor-widget-image\" data-id=\"95c4356\" data-element_type=\"widget\" data-settings=\"{&quot;_animation&quot;:&quot;none&quot;}\" data-widget_type=\"image.default\">\n\t\t\t\t<div class=\"elementor-widget-container\">\n\t\t\t\t\t<div class=\"elementor-image\">\n\t\t\t\t\t\t\t\t\t\t<img loading=\"lazy\" decoding=\"async\" width=\"2560\" height=\"1709\" src=\"http:\/\/clphoto.jennyprokopenko.ca\/wp-content\/uploads\/2023\/04\/Family-173-scaled.jpg\" class=\"attachment-full size-full\" alt=\"\" srcset=\"http:\/\/clphoto.jennyprokopenko.ca\/wp-content\/uploads\/2023\/04\/Family-173-scaled.jpg 2560w, http:\/\/clphoto.jennyprokopenko.ca\/wp-content\/uploads\/2023\/04\/Family-173-300x200.jpg 300w, http:\/\/clphoto.jennyprokopenko.ca\/wp-content\/uploads\/2023\/04\/Family-173-1024x684.jpg 1024w, http:\/\/clphoto.jennyprokopenko.ca\/wp-content\/uploads\/2023\/04\/Family-173-768x513.jpg 768w, http:\/\/clphoto.jennyprokopenko.ca\/wp-content\/uploads\/2023\/04\/Family-173-1536x1025.jpg 1536w, http:\/\/clphoto.jennyprokopenko.ca\/wp-content\/uploads\/2023\/04\/Family-173-2048x1367.jpg 2048w\" sizes=\"auto, (max-width: 2560px) 100vw, 2560px\" \/>\t\t\t\t\t\t\t\t\t\t\t<\/div>\n\t\t\t\t<\/div>\n\t\t\t\t<\/div>\n\t\t\t\t\t<\/div>\n\t\t<\/div>\n\t\t\t\t\t\t\t<\/div>\n\t\t<\/section>\n\t\t\t\t<section class=\"elementor-section elementor-top-section elementor-element elementor-element-c0c84d6 elementor-hidden-desktop elementor-section-boxed elementor-section-height-default elementor-section-height-default\" data-id=\"c0c84d6\" data-element_type=\"section\">\n\t\t\t\t\t\t<div class=\"elementor-container elementor-column-gap-default\">\n\t\t\t\t\t<div class=\"elementor-column elementor-col-100 elementor-top-column elementor-element elementor-element-73f1bf9\" data-id=\"73f1bf9\" data-element_type=\"column\">\n\t\t\t<div class=\"elementor-widget-wrap elementor-element-populated\">\n\t\t\t\t\t\t\t\t<div class=\"elementor-element elementor-element-1d76af2 elementor-widget elementor-widget-text-editor\" data-id=\"1d76af2\" data-element_type=\"widget\" data-widget_type=\"text-editor.default\">\n\t\t\t\t<div class=\"elementor-widget-container\">\n\t\t\t\t\t<div class=\"elementor-text-editor elementor-clearfix\"><p>PORTFOLIO<\/p>\n<\/div>\n\t\t\t\t<\/div>\n\t\t\t\t<\/div>\n\t\t\t\t<div class=\"elementor-element elementor-element-0be230f elementor-widget elementor-widget-heading\" data-id=\"0be230f\" data-element_type=\"widget\" data-widget_type=\"heading.default\">\n\t\t\t\t<div class=\"elementor-widget-container\">\n\t\t\t<h4 class=\"elementor-heading-title elementor-size-default\"><a href=\"https:\/\/clphoto.jennyprokopenko.ca\/fr\/portfolio1\/\">VOIR MES PHOTOS<\/a><\/h4>\t\t<\/div>\n\t\t\t\t<\/div>\n\t\t\t\t<div class=\"elementor-element elementor-element-e08e437 elementor-widget elementor-widget-text-editor\" data-id=\"e08e437\" data-element_type=\"widget\" data-widget_type=\"text-editor.default\">\n\t\t\t\t<div class=\"elementor-widget-container\">\n\t\t\t\t\t<div class=\"elementor-text-editor elementor-clearfix\"><p>SERVICES<\/p>\n<\/div>\n\t\t\t\t<\/div>\n\t\t\t\t<\/div>\n\t\t\t\t<div class=\"elementor-element elementor-element-6837129 elementor-widget elementor-widget-heading\" data-id=\"6837129\" data-element_type=\"widget\" data-widget_type=\"heading.default\">\n\t\t\t\t<div class=\"elementor-widget-container\">\n\t\t\t<h4 class=\"elementor-heading-title elementor-size-default\"><a href=\"https:\/\/clphoto.jennyprokopenko.ca\/fr\/services\/\">VOIR MES FORFAITS<\/a><\/h4>\t\t<\/div>\n\t\t\t\t<\/div>\n\t\t\t\t\t<\/div>\n\t\t<\/div>\n\t\t\t\t\t\t\t<\/div>\n\t\t<\/section>\n\t\t\t\t<section class=\"elementor-section elementor-top-section elementor-element elementor-element-b6b8b7b elementor-hidden-tablet elementor-hidden-phone elementor-section-boxed elementor-section-height-default elementor-section-height-default\" data-id=\"b6b8b7b\" data-element_type=\"section\">\n\t\t\t\t\t\t<div class=\"elementor-container elementor-column-gap-default\">\n\t\t\t\t\t<div class=\"elementor-column elementor-col-50 elementor-top-column elementor-element elementor-element-b4de934\" data-id=\"b4de934\" data-element_type=\"column\">\n\t\t\t<div class=\"elementor-widget-wrap elementor-element-populated\">\n\t\t\t\t\t\t\t\t<div class=\"elementor-element elementor-element-88e093a elementor-widget elementor-widget-text-editor\" data-id=\"88e093a\" data-element_type=\"widget\" data-widget_type=\"text-editor.default\">\n\t\t\t\t<div class=\"elementor-widget-container\">\n\t\t\t\t\t<div class=\"elementor-text-editor elementor-clearfix\"><p>PORTFOLIO<\/p>\n<\/div>\n\t\t\t\t<\/div>\n\t\t\t\t<\/div>\n\t\t\t\t<div class=\"elementor-element elementor-element-a2b13b2 elementor-widget elementor-widget-heading\" data-id=\"a2b13b2\" data-element_type=\"widget\" data-widget_type=\"heading.default\">\n\t\t\t\t<div class=\"elementor-widget-container\">\n\t\t\t<h4 class=\"elementor-heading-title elementor-size-default\"><a href=\"https:\/\/clphoto.jennyprokopenko.ca\/fr\/portfolio1\/\">VOIR MES PHOTOS<\/a><\/h4>\t\t<\/div>\n\t\t\t\t<\/div>\n\t\t\t\t\t<\/div>\n\t\t<\/div>\n\t\t\t\t<div class=\"elementor-column elementor-col-50 elementor-top-column elementor-element elementor-element-5ddff8b\" data-id=\"5ddff8b\" data-element_type=\"column\">\n\t\t\t<div class=\"elementor-widget-wrap elementor-element-populated\">\n\t\t\t\t\t\t\t\t<div class=\"elementor-element elementor-element-9c471eb elementor-widget elementor-widget-text-editor\" data-id=\"9c471eb\" data-element_type=\"widget\" data-widget_type=\"text-editor.default\">\n\t\t\t\t<div class=\"elementor-widget-container\">\n\t\t\t\t\t<div class=\"elementor-text-editor elementor-clearfix\"><p>SERVICES<\/p>\n<\/div>\n\t\t\t\t<\/div>\n\t\t\t\t<\/div>\n\t\t\t\t<div class=\"elementor-element elementor-element-506b2dd elementor-widget elementor-widget-heading\" data-id=\"506b2dd\" data-element_type=\"widget\" data-widget_type=\"heading.default\">\n\t\t\t\t<div class=\"elementor-widget-container\">\n\t\t\t<h4 class=\"elementor-heading-title elementor-size-default\"><a href=\"https:\/\/clphoto.jennyprokopenko.ca\/fr\/services\/\">VOIR MES FORFAITS<\/a><\/h4>\t\t<\/div>\n\t\t\t\t<\/div>\n\t\t\t\t\t<\/div>\n\t\t<\/div>\n\t\t\t\t\t\t\t<\/div>\n\t\t<\/section>\n\t\t\t\t<section class=\"elementor-section elementor-top-section elementor-element elementor-element-a13635c elementor-section-full_width elementor-section-height-default elementor-section-height-default\" data-id=\"a13635c\" data-element_type=\"section\">\n\t\t\t\t\t\t<div class=\"elementor-container elementor-column-gap-no\">\n\t\t\t\t\t<div class=\"elementor-column elementor-col-100 elementor-top-column elementor-element elementor-element-d4ecd64\" data-id=\"d4ecd64\" data-element_type=\"column\">\n\t\t\t<div class=\"elementor-widget-wrap elementor-element-populated\">\n\t\t\t\t\t\t\t\t<div class=\"elementor-element elementor-element-bef57b9 elementor-align-left elementor-widget elementor-widget-bdevs-testimonials\" data-id=\"bef57b9\" data-element_type=\"widget\" data-widget_type=\"bdevs-testimonials.default\">\n\t\t\t\t<div class=\"elementor-widget-container\">\n\t\t\t\t\t<div class=\"section-padding testimonials bg-img bg-fixed\" data-overlay-light=\"1\" data-background=\"http:\/\/clphoto.jennyprokopenko.ca\/wp-content\/uploads\/2023\/04\/Fun-facts-scaled.jpg\">\n\t        <div class=\"container\">\n\t            <div class=\"row\">\n\t                <div class=\"owl-carousel owl-theme col-md-8 offset-md-2 mb-30\">\n\t                \t\t                    <div class=\"item-box\"> <span class=\"quote\">\n\t                            <img decoding=\"async\" src=\"http:\/\/clphoto.jennyprokopenko.ca\/wp-content\/themes\/ckarla\/images\/quot.png\" alt=\"\">\n\t                        <\/span>\n\t                        <h3>Je tenais tout simplement \u00e0 te remercier pour les belles photos, je les adore et je re\u00e7ois \u00e9norm\u00e9ment de compliments. \nTu as su nous capturer au naturel, tu \u00e9tais super efficace, patiente et gentille. Mais surtout tu as une belle vision, je n'aurais pu imaginer mieux et tu as su recr\u00e9er ce que je d\u00e9sirais pour des photos de famille en automne. Encore une fois merci, je parle de toi \u00e0 tout le monde que je connais.<\/h3>\n\t                        <hr class=\"line line-hr-left\">\n\t                        <div class=\"info\">\n\t                            <h6>\u2014 <\/h6>\n\t                        <\/div>\n\t                    <\/div>\n\t                    \t                    <div class=\"item-box\"> <span class=\"quote\">\n\t                            <img decoding=\"async\" src=\"http:\/\/clphoto.jennyprokopenko.ca\/wp-content\/themes\/ckarla\/images\/quot.png\" alt=\"\">\n\t                        <\/span>\n\t                        <h3>Nous avons engag\u00e9 Catherine pour immortaliser notre mariage. Elle a \u00e9t\u00e9 incroyable d\u00e8s le moment o\u00f9 nous l'avons embauch\u00e9e. Il \u00e9tait facile de travailler avec elle, extr\u00eamement accommodante aux changements car c'\u00e9tait Covid. Elle a \u00e9t\u00e9 capable de capturer chaque instant si parfaitement, pendant la c\u00e9r\u00e9monie, vous avez eu l'impression qu'elle n'\u00e9tait m\u00eame pas l\u00e0 mais a captur\u00e9 tous les instants. Ses photos se sont av\u00e9r\u00e9es incroyables et nous sommes tr\u00e8s reconnaissants d'avoir choisi Catherine pour capturer notre journ\u00e9e sp\u00e9ciale. Je la recommanderais grandement!<\/h3>\n\t                        <hr class=\"line line-hr-left\">\n\t                        <div class=\"info\">\n\t                            <h6>\u2014 <\/h6>\n\t                        <\/div>\n\t                    <\/div>\n\t                    \t                    <div class=\"item-box\"> <span class=\"quote\">\n\t                            <img decoding=\"async\" src=\"http:\/\/clphoto.jennyprokopenko.ca\/wp-content\/themes\/ckarla\/images\/quot.png\" alt=\"\">\n\t                        <\/span>\n\t                        <h3>Nous avons ador\u00e9 notre s\u00e9ance dans les champs de tournesol avec Catherine ! Elle \u00e9tait tr\u00e8s gentille et a produit de belles photos de notre famille! Nous l'utiliserons certainement \u00e0 l'avenir.<\/h3>\n\t                        <hr class=\"line line-hr-left\">\n\t                        <div class=\"info\">\n\t                            <h6>\u2014 <\/h6>\n\t                        <\/div>\n\t                    <\/div>\n\t                    \t                    <div class=\"item-box\"> <span class=\"quote\">\n\t                            <img decoding=\"async\" src=\"http:\/\/clphoto.jennyprokopenko.ca\/wp-content\/themes\/ckarla\/images\/quot.png\" alt=\"\">\n\t                        <\/span>\n\t                        <h3>Catherine est incroyable dans ce qu'elle fait ! Elle a \u00e9cout\u00e9 ce qu'\u00e9tait ma vision et a ex\u00e9cut\u00e9 mieux que je n'aurais jamais pu l'esp\u00e9rer ! Je recommande Catherine pour tous vos besoins en photographie (des portraits aux photos de famille en passant par les mariages !), elle est la meilleure!<\/h3>\n\t                        <hr class=\"line line-hr-left\">\n\t                        <div class=\"info\">\n\t                            <h6>\u2014 <\/h6>\n\t                        <\/div>\n\t                    <\/div>\n\t                    \t                    <div class=\"item-box\"> <span class=\"quote\">\n\t                            <img decoding=\"async\" src=\"http:\/\/clphoto.jennyprokopenko.ca\/wp-content\/themes\/ckarla\/images\/quot.png\" alt=\"\">\n\t                        <\/span>\n\t                        <h3>Bien que j'aie travaill\u00e9 avec Catherine sur d'autres projets et que je sois tr\u00e8s consciente de son incroyable talent, le week-end dernier a \u00e9t\u00e9 notre premi\u00e8re s\u00e9ance familiale de photos avec elle. Ce ne sera s\u00fbrement pas notre derni\u00e8re. Elle sait vraiment comment capturer des moments et je suis tellement reconnaissante qu'elle ait pu capturer immortaliser les n\u00f4tres.<\/h3>\n\t                        <hr class=\"line line-hr-left\">\n\t                        <div class=\"info\">\n\t                            <h6>\u2014 <\/h6>\n\t                        <\/div>\n\t                    <\/div>\n\t                    \t                <\/div>\n\t            <\/div>\n\t        <\/div>\n\t    <\/div>\n\t\t\t<\/div>\n\t\t\t\t<\/div>\n\t\t\t\t\t<\/div>\n\t\t<\/div>\n\t\t\t\t\t\t\t<\/div>\n\t\t<\/section>\n\t\t\t\t<section class=\"elementor-section elementor-top-section elementor-element elementor-element-67f2d97 elementor-section-full_width elementor-section-height-default elementor-section-height-default\" data-id=\"67f2d97\" data-element_type=\"section\">\n\t\t\t\t\t\t<div class=\"elementor-container elementor-column-gap-no\">\n\t\t\t\t\t<div class=\"elementor-column elementor-col-100 elementor-top-column elementor-element elementor-element-6116dc7\" data-id=\"6116dc7\" data-element_type=\"column\">\n\t\t\t<div class=\"elementor-widget-wrap elementor-element-populated\">\n\t\t\t\t\t\t\t\t<div class=\"elementor-element elementor-element-92aa51b elementor-widget elementor-widget-heading\" data-id=\"92aa51b\" data-element_type=\"widget\" data-widget_type=\"heading.default\">\n\t\t\t\t<div class=\"elementor-widget-container\">\n\t\t\t<h3 class=\"elementor-heading-title elementor-size-default\">En Vedette Dans<\/h3>\t\t<\/div>\n\t\t\t\t<\/div>\n\t\t\t\t\t<\/div>\n\t\t<\/div>\n\t\t\t\t\t\t\t<\/div>\n\t\t<\/section>\n\t\t\t\t<section class=\"elementor-section elementor-top-section elementor-element elementor-element-bd7788e elementor-hidden-desktop elementor-section-boxed elementor-section-height-default elementor-section-height-default\" data-id=\"bd7788e\" data-element_type=\"section\">\n\t\t\t\t\t\t<div class=\"elementor-container elementor-column-gap-default\">\n\t\t\t\t\t<div class=\"elementor-column elementor-col-20 elementor-top-column elementor-element elementor-element-d654fdc\" data-id=\"d654fdc\" data-element_type=\"column\">\n\t\t\t<div class=\"elementor-widget-wrap\">\n\t\t\t\t\t\t\t\t\t<\/div>\n\t\t<\/div>\n\t\t\t\t<div class=\"elementor-column elementor-col-20 elementor-top-column elementor-element elementor-element-23ce929\" data-id=\"23ce929\" data-element_type=\"column\">\n\t\t\t<div class=\"elementor-widget-wrap\">\n\t\t\t\t\t\t\t\t\t<\/div>\n\t\t<\/div>\n\t\t\t\t<div class=\"elementor-column elementor-col-20 elementor-top-column elementor-element elementor-element-5cdb235\" data-id=\"5cdb235\" data-element_type=\"column\">\n\t\t\t<div class=\"elementor-widget-wrap elementor-element-populated\">\n\t\t\t\t\t\t\t\t<div class=\"elementor-element elementor-element-8b945ef elementor-widget elementor-widget-image\" data-id=\"8b945ef\" data-element_type=\"widget\" data-widget_type=\"image.default\">\n\t\t\t\t<div class=\"elementor-widget-container\">\n\t\t\t\t\t<div class=\"elementor-image\">\n\t\t\t\t\t\t\t\t\t\t<img loading=\"lazy\" decoding=\"async\" width=\"675\" height=\"676\" src=\"http:\/\/clphoto.jennyprokopenko.ca\/wp-content\/uploads\/2023\/02\/AS-SEEN-IN-TBjpg.jpg\" class=\"attachment-large size-large\" alt=\"\" srcset=\"http:\/\/clphoto.jennyprokopenko.ca\/wp-content\/uploads\/2023\/02\/AS-SEEN-IN-TBjpg.jpg 675w, http:\/\/clphoto.jennyprokopenko.ca\/wp-content\/uploads\/2023\/02\/AS-SEEN-IN-TBjpg-300x300.jpg 300w, http:\/\/clphoto.jennyprokopenko.ca\/wp-content\/uploads\/2023\/02\/AS-SEEN-IN-TBjpg-150x150.jpg 150w\" sizes=\"auto, (max-width: 675px) 100vw, 675px\" \/>\t\t\t\t\t\t\t\t\t\t\t<\/div>\n\t\t\t\t<\/div>\n\t\t\t\t<\/div>\n\t\t\t\t<div class=\"elementor-element elementor-element-d233c48 elementor-widget elementor-widget-image\" data-id=\"d233c48\" data-element_type=\"widget\" data-widget_type=\"image.default\">\n\t\t\t\t<div class=\"elementor-widget-container\">\n\t\t\t\t\t<div class=\"elementor-image\">\n\t\t\t\t\t\t\t\t\t\t<img loading=\"lazy\" decoding=\"async\" width=\"619\" height=\"464\" src=\"http:\/\/clphoto.jennyprokopenko.ca\/wp-content\/uploads\/2023\/02\/mariage-quebec.png\" class=\"attachment-large size-large\" alt=\"\" srcset=\"http:\/\/clphoto.jennyprokopenko.ca\/wp-content\/uploads\/2023\/02\/mariage-quebec.png 619w, http:\/\/clphoto.jennyprokopenko.ca\/wp-content\/uploads\/2023\/02\/mariage-quebec-300x225.png 300w\" sizes=\"auto, (max-width: 619px) 100vw, 619px\" \/>\t\t\t\t\t\t\t\t\t\t\t<\/div>\n\t\t\t\t<\/div>\n\t\t\t\t<\/div>\n\t\t\t\t<div class=\"elementor-element elementor-element-643befb elementor-widget elementor-widget-image\" data-id=\"643befb\" data-element_type=\"widget\" data-widget_type=\"image.default\">\n\t\t\t\t<div class=\"elementor-widget-container\">\n\t\t\t\t\t<div class=\"elementor-image\">\n\t\t\t\t\t\t\t\t\t\t<img loading=\"lazy\" decoding=\"async\" width=\"900\" height=\"900\" src=\"http:\/\/clphoto.jennyprokopenko.ca\/wp-content\/uploads\/2023\/02\/babmCAp22bpng-1024x1024.png\" class=\"attachment-large size-large\" alt=\"\" srcset=\"http:\/\/clphoto.jennyprokopenko.ca\/wp-content\/uploads\/2023\/02\/babmCAp22bpng-1024x1024.png 1024w, http:\/\/clphoto.jennyprokopenko.ca\/wp-content\/uploads\/2023\/02\/babmCAp22bpng-300x300.png 300w, http:\/\/clphoto.jennyprokopenko.ca\/wp-content\/uploads\/2023\/02\/babmCAp22bpng-150x150.png 150w, http:\/\/clphoto.jennyprokopenko.ca\/wp-content\/uploads\/2023\/02\/babmCAp22bpng-768x768.png 768w, http:\/\/clphoto.jennyprokopenko.ca\/wp-content\/uploads\/2023\/02\/babmCAp22bpng-1536x1536.png 1536w, http:\/\/clphoto.jennyprokopenko.ca\/wp-content\/uploads\/2023\/02\/babmCAp22bpng.png 2000w\" sizes=\"auto, (max-width: 900px) 100vw, 900px\" \/>\t\t\t\t\t\t\t\t\t\t\t<\/div>\n\t\t\t\t<\/div>\n\t\t\t\t<\/div>\n\t\t\t\t\t<\/div>\n\t\t<\/div>\n\t\t\t\t<div class=\"elementor-column elementor-col-20 elementor-top-column elementor-element elementor-element-d896594\" data-id=\"d896594\" data-element_type=\"column\">\n\t\t\t<div class=\"elementor-widget-wrap\">\n\t\t\t\t\t\t\t\t\t<\/div>\n\t\t<\/div>\n\t\t\t\t<div class=\"elementor-column elementor-col-20 elementor-top-column elementor-element elementor-element-59a291b\" data-id=\"59a291b\" data-element_type=\"column\">\n\t\t\t<div class=\"elementor-widget-wrap\">\n\t\t\t\t\t\t\t\t\t<\/div>\n\t\t<\/div>\n\t\t\t\t\t\t\t<\/div>\n\t\t<\/section>\n\t\t\t\t<section class=\"elementor-section elementor-top-section elementor-element elementor-element-74474dd elementor-hidden-tablet elementor-hidden-phone elementor-section-boxed elementor-section-height-default elementor-section-height-default\" data-id=\"74474dd\" data-element_type=\"section\">\n\t\t\t\t\t\t<div class=\"elementor-container elementor-column-gap-default\">\n\t\t\t\t\t<div class=\"elementor-column elementor-col-20 elementor-top-column elementor-element elementor-element-470ad6c\" data-id=\"470ad6c\" data-element_type=\"column\">\n\t\t\t<div class=\"elementor-widget-wrap\">\n\t\t\t\t\t\t\t\t\t<\/div>\n\t\t<\/div>\n\t\t\t\t<div class=\"elementor-column elementor-col-20 elementor-top-column elementor-element elementor-element-308ac20\" data-id=\"308ac20\" data-element_type=\"column\">\n\t\t\t<div class=\"elementor-widget-wrap elementor-element-populated\">\n\t\t\t\t\t\t\t\t<div class=\"elementor-element elementor-element-803ab5e elementor-widget elementor-widget-image\" data-id=\"803ab5e\" data-element_type=\"widget\" data-widget_type=\"image.default\">\n\t\t\t\t<div class=\"elementor-widget-container\">\n\t\t\t\t\t<div class=\"elementor-image\">\n\t\t\t\t\t\t\t\t\t\t<img loading=\"lazy\" decoding=\"async\" width=\"675\" height=\"676\" src=\"http:\/\/clphoto.jennyprokopenko.ca\/wp-content\/uploads\/2023\/02\/AS-SEEN-IN-TBjpg.jpg\" class=\"attachment-large size-large\" alt=\"\" srcset=\"http:\/\/clphoto.jennyprokopenko.ca\/wp-content\/uploads\/2023\/02\/AS-SEEN-IN-TBjpg.jpg 675w, http:\/\/clphoto.jennyprokopenko.ca\/wp-content\/uploads\/2023\/02\/AS-SEEN-IN-TBjpg-300x300.jpg 300w, http:\/\/clphoto.jennyprokopenko.ca\/wp-content\/uploads\/2023\/02\/AS-SEEN-IN-TBjpg-150x150.jpg 150w\" sizes=\"auto, (max-width: 675px) 100vw, 675px\" \/>\t\t\t\t\t\t\t\t\t\t\t<\/div>\n\t\t\t\t<\/div>\n\t\t\t\t<\/div>\n\t\t\t\t\t<\/div>\n\t\t<\/div>\n\t\t\t\t<div class=\"elementor-column elementor-col-20 elementor-top-column elementor-element elementor-element-195fc75\" data-id=\"195fc75\" data-element_type=\"column\">\n\t\t\t<div class=\"elementor-widget-wrap elementor-element-populated\">\n\t\t\t\t\t\t\t\t<div class=\"elementor-element elementor-element-f23bf6d elementor-widget elementor-widget-image\" data-id=\"f23bf6d\" data-element_type=\"widget\" data-widget_type=\"image.default\">\n\t\t\t\t<div class=\"elementor-widget-container\">\n\t\t\t\t\t<div class=\"elementor-image\">\n\t\t\t\t\t\t\t\t\t\t<img loading=\"lazy\" decoding=\"async\" width=\"619\" height=\"464\" src=\"http:\/\/clphoto.jennyprokopenko.ca\/wp-content\/uploads\/2023\/02\/mariage-quebec.png\" class=\"attachment-large size-large\" alt=\"\" srcset=\"http:\/\/clphoto.jennyprokopenko.ca\/wp-content\/uploads\/2023\/02\/mariage-quebec.png 619w, http:\/\/clphoto.jennyprokopenko.ca\/wp-content\/uploads\/2023\/02\/mariage-quebec-300x225.png 300w\" sizes=\"auto, (max-width: 619px) 100vw, 619px\" \/>\t\t\t\t\t\t\t\t\t\t\t<\/div>\n\t\t\t\t<\/div>\n\t\t\t\t<\/div>\n\t\t\t\t\t<\/div>\n\t\t<\/div>\n\t\t\t\t<div class=\"elementor-column elementor-col-20 elementor-top-column elementor-element elementor-element-f4ce983\" data-id=\"f4ce983\" data-element_type=\"column\">\n\t\t\t<div class=\"elementor-widget-wrap elementor-element-populated\">\n\t\t\t\t\t\t\t\t<div class=\"elementor-element elementor-element-eabfc1d elementor-widget elementor-widget-image\" data-id=\"eabfc1d\" data-element_type=\"widget\" data-widget_type=\"image.default\">\n\t\t\t\t<div class=\"elementor-widget-container\">\n\t\t\t\t\t<div class=\"elementor-image\">\n\t\t\t\t\t\t\t\t\t\t<img loading=\"lazy\" decoding=\"async\" width=\"900\" height=\"900\" src=\"http:\/\/clphoto.jennyprokopenko.ca\/wp-content\/uploads\/2023\/02\/babmCAp22bpng-1024x1024.png\" class=\"attachment-large size-large\" alt=\"\" srcset=\"http:\/\/clphoto.jennyprokopenko.ca\/wp-content\/uploads\/2023\/02\/babmCAp22bpng-1024x1024.png 1024w, http:\/\/clphoto.jennyprokopenko.ca\/wp-content\/uploads\/2023\/02\/babmCAp22bpng-300x300.png 300w, http:\/\/clphoto.jennyprokopenko.ca\/wp-content\/uploads\/2023\/02\/babmCAp22bpng-150x150.png 150w, http:\/\/clphoto.jennyprokopenko.ca\/wp-content\/uploads\/2023\/02\/babmCAp22bpng-768x768.png 768w, http:\/\/clphoto.jennyprokopenko.ca\/wp-content\/uploads\/2023\/02\/babmCAp22bpng-1536x1536.png 1536w, http:\/\/clphoto.jennyprokopenko.ca\/wp-content\/uploads\/2023\/02\/babmCAp22bpng.png 2000w\" sizes=\"auto, (max-width: 900px) 100vw, 900px\" \/>\t\t\t\t\t\t\t\t\t\t\t<\/div>\n\t\t\t\t<\/div>\n\t\t\t\t<\/div>\n\t\t\t\t\t<\/div>\n\t\t<\/div>\n\t\t\t\t<div class=\"elementor-column elementor-col-20 elementor-top-column elementor-element elementor-element-e8a7e7e\" data-id=\"e8a7e7e\" data-element_type=\"column\">\n\t\t\t<div class=\"elementor-widget-wrap\">\n\t\t\t\t\t\t\t\t\t<\/div>\n\t\t<\/div>\n\t\t\t\t\t\t\t<\/div>\n\t\t<\/section>\n\t\t\t\t\t\t<\/div>\n\t\t\t\t\t<\/div>\n\t\t","protected":false},"excerpt":{"rendered":"<p>PORTFOLIO VOIR MES PHOTOS SERVICES VOIR MES FORFAITS PORTFOLIO VOIR MES PHOTOS SERVICES VOIR MES FORFAITS Je tenais tout simplement \u00e0 te remercier pour les belles photos, je les adore et je re\u00e7ois \u00e9norm\u00e9ment de compliments. Tu as su nous capturer au naturel, tu \u00e9tais super efficace, patiente et gentille. Mais surtout tu as une [&hellip;]<\/p>\n","protected":false},"author":1,"featured_media":0,"parent":0,"menu_order":0,"comment_status":"closed","ping_status":"closed","template":"page-templates\/home-5.php","meta":{"footnotes":""},"class_list":["post-2138","page","type-page","status-publish","hentry"],"_links":{"self":[{"href":"http:\/\/clphoto.jennyprokopenko.ca\/fr\/wp-json\/wp\/v2\/pages\/2138","targetHints":{"allow":["GET"]}}],"collection":[{"href":"http:\/\/clphoto.jennyprokopenko.ca\/fr\/wp-json\/wp\/v2\/pages"}],"about":[{"href":"http:\/\/clphoto.jennyprokopenko.ca\/fr\/wp-json\/wp\/v2\/types\/page"}],"author":[{"embeddable":true,"href":"http:\/\/clphoto.jennyprokopenko.ca\/fr\/wp-json\/wp\/v2\/users\/1"}],"replies":[{"embeddable":true,"href":"http:\/\/clphoto.jennyprokopenko.ca\/fr\/wp-json\/wp\/v2\/comments?post=2138"}],"version-history":[{"count":47,"href":"http:\/\/clphoto.jennyprokopenko.ca\/fr\/wp-json\/wp\/v2\/pages\/2138\/revisions"}],"predecessor-version":[{"id":3977,"href":"http:\/\/clphoto.jennyprokopenko.ca\/fr\/wp-json\/wp\/v2\/pages\/2138\/revisions\/3977"}],"wp:attachment":[{"href":"http:\/\/clphoto.jennyprokopenko.ca\/fr\/wp-json\/wp\/v2\/media?parent=2138"}],"curies":[{"name":"wp","href":"https:\/\/api.w.org\/{rel}","templated":true}]}}