{"id":2120,"date":"2021-08-11T04:33:53","date_gmt":"2021-08-11T04:33:53","guid":{"rendered":"http:\/\/catherine-ledoux-photographie.local\/a-propos\/"},"modified":"2023-05-11T19:05:55","modified_gmt":"2023-05-11T19:05:55","slug":"a-propos","status":"publish","type":"page","link":"https:\/\/clphoto.jennyprokopenko.ca\/fr\/a-propos\/","title":{"rendered":"\u00c0 propos"},"content":{"rendered":"\t\t<div data-elementor-type=\"wp-page\" data-elementor-id=\"2120\" class=\"elementor elementor-2120 elementor-33\" data-elementor-settings=\"[]\">\n\t\t\t\t\t\t\t<div class=\"elementor-section-wrap\">\n\t\t\t\t\t\t\t<section class=\"elementor-section elementor-top-section elementor-element elementor-element-bede4e7 elementor-section-full_width elementor-section-height-default elementor-section-height-default\" data-id=\"bede4e7\" data-element_type=\"section\">\n\t\t\t\t\t\t<div class=\"elementor-container elementor-column-gap-no\">\n\t\t\t\t\t<div class=\"elementor-column elementor-col-100 elementor-top-column elementor-element elementor-element-94c8d0f\" data-id=\"94c8d0f\" data-element_type=\"column\">\n\t\t\t<div class=\"elementor-widget-wrap elementor-element-populated\">\n\t\t\t\t\t\t\t\t<div class=\"elementor-element elementor-element-2e49962 elementor-widget elementor-widget-image\" data-id=\"2e49962\" data-element_type=\"widget\" data-widget_type=\"image.default\">\n\t\t\t\t<div class=\"elementor-widget-container\">\n\t\t\t\t\t<div class=\"elementor-image\">\n\t\t\t\t\t\t\t\t\t\t<img loading=\"lazy\" decoding=\"async\" width=\"2560\" height=\"851\" src=\"https:\/\/clphoto.jennyprokopenko.ca\/wp-content\/uploads\/2023\/04\/Banner-scaled-e1681414245721.jpg\" class=\"attachment-full size-full\" alt=\"\" srcset=\"https:\/\/clphoto.jennyprokopenko.ca\/wp-content\/uploads\/2023\/04\/Banner-scaled-e1681414245721.jpg 2560w, https:\/\/clphoto.jennyprokopenko.ca\/wp-content\/uploads\/2023\/04\/Banner-scaled-e1681414245721-300x100.jpg 300w, https:\/\/clphoto.jennyprokopenko.ca\/wp-content\/uploads\/2023\/04\/Banner-scaled-e1681414245721-1024x340.jpg 1024w, https:\/\/clphoto.jennyprokopenko.ca\/wp-content\/uploads\/2023\/04\/Banner-scaled-e1681414245721-768x255.jpg 768w, https:\/\/clphoto.jennyprokopenko.ca\/wp-content\/uploads\/2023\/04\/Banner-scaled-e1681414245721-1536x511.jpg 1536w, https:\/\/clphoto.jennyprokopenko.ca\/wp-content\/uploads\/2023\/04\/Banner-scaled-e1681414245721-2048x681.jpg 2048w\" sizes=\"auto, (max-width: 2560px) 100vw, 2560px\" \/>\t\t\t\t\t\t\t\t\t\t\t<\/div>\n\t\t\t\t<\/div>\n\t\t\t\t<\/div>\n\t\t\t\t<div class=\"elementor-element elementor-element-16f61be elementor-widget elementor-widget-heading\" data-id=\"16f61be\" data-element_type=\"widget\" data-widget_type=\"heading.default\">\n\t\t\t\t<div class=\"elementor-widget-container\">\n\t\t\t<h1 class=\"elementor-heading-title elementor-size-default\">\u00c0 Propos de Moi<\/h1>\t\t<\/div>\n\t\t\t\t<\/div>\n\t\t\t\t\t<\/div>\n\t\t<\/div>\n\t\t\t\t\t\t\t<\/div>\n\t\t<\/section>\n\t\t\t\t<section class=\"elementor-section elementor-top-section elementor-element elementor-element-af56244 elementor-hidden-desktop elementor-section-boxed elementor-section-height-default elementor-section-height-default\" data-id=\"af56244\" data-element_type=\"section\">\n\t\t\t\t\t\t<div class=\"elementor-container elementor-column-gap-default\">\n\t\t\t\t\t<div class=\"elementor-column elementor-col-100 elementor-top-column elementor-element elementor-element-146bd0b\" data-id=\"146bd0b\" data-element_type=\"column\">\n\t\t\t<div class=\"elementor-widget-wrap elementor-element-populated\">\n\t\t\t\t\t\t\t\t<div class=\"elementor-element elementor-element-49544ed elementor-widget elementor-widget-image\" data-id=\"49544ed\" data-element_type=\"widget\" data-widget_type=\"image.default\">\n\t\t\t\t<div class=\"elementor-widget-container\">\n\t\t\t\t\t<div class=\"elementor-image\">\n\t\t\t\t\t\t\t\t\t\t<img loading=\"lazy\" decoding=\"async\" width=\"1024\" height=\"1534\" src=\"https:\/\/clphoto.jennyprokopenko.ca\/wp-content\/uploads\/2023\/02\/Cat-42.jpg\" class=\"attachment-full size-full\" alt=\"\" srcset=\"https:\/\/clphoto.jennyprokopenko.ca\/wp-content\/uploads\/2023\/02\/Cat-42.jpg 1024w, https:\/\/clphoto.jennyprokopenko.ca\/wp-content\/uploads\/2023\/02\/Cat-42-200x300.jpg 200w, https:\/\/clphoto.jennyprokopenko.ca\/wp-content\/uploads\/2023\/02\/Cat-42-684x1024.jpg 684w, https:\/\/clphoto.jennyprokopenko.ca\/wp-content\/uploads\/2023\/02\/Cat-42-768x1151.jpg 768w\" sizes=\"auto, (max-width: 1024px) 100vw, 1024px\" \/>\t\t\t\t\t\t\t\t\t\t\t<\/div>\n\t\t\t\t<\/div>\n\t\t\t\t<\/div>\n\t\t\t\t<div class=\"elementor-element elementor-element-2d8458c elementor-widget elementor-widget-heading\" data-id=\"2d8458c\" data-element_type=\"widget\" data-widget_type=\"heading.default\">\n\t\t\t\t<div class=\"elementor-widget-container\">\n\t\t\t<h3 class=\"elementor-heading-title elementor-size-default\">Salut! Je suis Catherine, passionn\u00e9e de lumi\u00e8re naturelle!<\/h3>\t\t<\/div>\n\t\t\t\t<\/div>\n\t\t\t\t<div class=\"elementor-element elementor-element-c168c4c elementor-widget elementor-widget-text-editor\" data-id=\"c168c4c\" data-element_type=\"widget\" data-widget_type=\"text-editor.default\">\n\t\t\t\t<div class=\"elementor-widget-container\">\n\t\t\t\t\t<div class=\"elementor-text-editor elementor-clearfix\"><p><span style=\"font-weight: 400;\">Pouvoir saisir une \u00e9motion dans le temps ou un moment important est ce qui m&rsquo;a attir\u00e9 vers la photographie. La vie bouge \u00e0 la vitesse de la lumi\u00e8re et avec le temps, les souvenirs s&rsquo;effacent parfois mais les photographies restent toujours. De pouvoir retourner \u00e0 ces moments qui ont peut-\u00eatre \u00e9t\u00e9 oubli\u00e9s et pouvoir revivre l\u2019\u00e9motion de l\u2019instant est un des cadeaux les plus pr\u00e9cieux.<\/span><\/p>\n<p><span style=\"font-weight: 400;\">Cr\u00e9er en lumi\u00e8re naturelle est ce qui m&rsquo;inspire le plus.&nbsp; T\u00e9moigner de cette lumi\u00e8re changeante selon le jour ou la saison est vraiment magique pour moi.<\/span><\/p>\n<p><span style=\"font-weight: 400;\">J&rsquo;ai un amour pour les gens! Que ce soit, 2 amoureux, une famille, un bedon qui grandit, un tout petit nouveau venu ou un Oui je le veux, je suis l\u00e0 !<\/span><\/p>\n<p><span style=\"font-weight: 400;\">Le plaisir d&rsquo;abord ! Je veux apprendre \u00e0 vous conna\u00eetre. Je vais rire avec vous, pleurer avec vous, vous raconter des blagues, agir comme un clown et courir avec vos enfants.&nbsp;<\/span><\/p>\n<p><span style=\"font-weight: 400;\">Au cours des derni\u00e8res ann\u00e9es, j&rsquo;ai \u00e9galement eu la chance de travailler avec plusieurs entreprises locales qui m&rsquo;ont fait confiance pour capturer l&rsquo;essence de leurs cr\u00e9ations ou de leurs services et me permettant de d\u00e9velopper une v\u00e9ritable passion pour la photographie de marque.&nbsp;<\/span><\/p>\n<p><span style=\"font-weight: 400;\">J&rsquo;ai h\u00e2te de vous rencontrer et de VOUS immortaliser!<\/span><\/p><\/div>\n\t\t\t\t<\/div>\n\t\t\t\t<\/div>\n\t\t\t\t<div class=\"elementor-element elementor-element-4f81d60 elementor-widget elementor-widget-heading\" data-id=\"4f81d60\" data-element_type=\"widget\" data-widget_type=\"heading.default\">\n\t\t\t\t<div class=\"elementor-widget-container\">\n\t\t\t<h6 class=\"elementor-heading-title elementor-size-default\">Catherine Ledoux<\/h6>\t\t<\/div>\n\t\t\t\t<\/div>\n\t\t\t\t\t<\/div>\n\t\t<\/div>\n\t\t\t\t\t\t\t<\/div>\n\t\t<\/section>\n\t\t\t\t<section class=\"elementor-section elementor-top-section elementor-element elementor-element-cad5e7a elementor-section-full_width elementor-hidden-desktop elementor-section-height-default elementor-section-height-default\" data-id=\"cad5e7a\" data-element_type=\"section\">\n\t\t\t\t\t\t<div class=\"elementor-container elementor-column-gap-default\">\n\t\t\t\t\t<div class=\"elementor-column elementor-col-100 elementor-top-column elementor-element elementor-element-4dcff4c\" data-id=\"4dcff4c\" data-element_type=\"column\">\n\t\t\t<div class=\"elementor-widget-wrap elementor-element-populated\">\n\t\t\t\t\t\t\t\t<div class=\"elementor-element elementor-element-8faa861 elementor-widget elementor-widget-image\" data-id=\"8faa861\" data-element_type=\"widget\" data-widget_type=\"image.default\">\n\t\t\t\t<div class=\"elementor-widget-container\">\n\t\t\t\t\t<div class=\"elementor-image\">\n\t\t\t\t\t\t\t\t\t\t<img loading=\"lazy\" decoding=\"async\" width=\"2560\" height=\"753\" src=\"https:\/\/clphoto.jennyprokopenko.ca\/wp-content\/uploads\/2023\/04\/favourites-6-scaled.jpg\" class=\"attachment-full size-full\" alt=\"\" srcset=\"https:\/\/clphoto.jennyprokopenko.ca\/wp-content\/uploads\/2023\/04\/favourites-6-scaled.jpg 2560w, https:\/\/clphoto.jennyprokopenko.ca\/wp-content\/uploads\/2023\/04\/favourites-6-300x88.jpg 300w, https:\/\/clphoto.jennyprokopenko.ca\/wp-content\/uploads\/2023\/04\/favourites-6-1024x301.jpg 1024w, https:\/\/clphoto.jennyprokopenko.ca\/wp-content\/uploads\/2023\/04\/favourites-6-768x226.jpg 768w, https:\/\/clphoto.jennyprokopenko.ca\/wp-content\/uploads\/2023\/04\/favourites-6-1536x452.jpg 1536w, https:\/\/clphoto.jennyprokopenko.ca\/wp-content\/uploads\/2023\/04\/favourites-6-2048x603.jpg 2048w\" sizes=\"auto, (max-width: 2560px) 100vw, 2560px\" \/>\t\t\t\t\t\t\t\t\t\t\t<\/div>\n\t\t\t\t<\/div>\n\t\t\t\t<\/div>\n\t\t\t\t\t<\/div>\n\t\t<\/div>\n\t\t\t\t\t\t\t<\/div>\n\t\t<\/section>\n\t\t\t\t<section class=\"elementor-section elementor-top-section elementor-element elementor-element-fc731dd elementor-hidden-tablet elementor-hidden-phone elementor-section-boxed elementor-section-height-default elementor-section-height-default\" data-id=\"fc731dd\" data-element_type=\"section\">\n\t\t\t\t\t\t<div class=\"elementor-container elementor-column-gap-default\">\n\t\t\t\t\t<div class=\"elementor-column elementor-col-66 elementor-top-column elementor-element elementor-element-8bb046a\" data-id=\"8bb046a\" data-element_type=\"column\">\n\t\t\t<div class=\"elementor-widget-wrap elementor-element-populated\">\n\t\t\t\t\t\t\t\t<div class=\"elementor-element elementor-element-efb43b3 elementor-widget elementor-widget-heading\" data-id=\"efb43b3\" data-element_type=\"widget\" data-widget_type=\"heading.default\">\n\t\t\t\t<div class=\"elementor-widget-container\">\n\t\t\t<h3 class=\"elementor-heading-title elementor-size-default\">Salut! Je suis Catherine, passionn\u00e9e de lumi\u00e8re naturelle!<\/h3>\t\t<\/div>\n\t\t\t\t<\/div>\n\t\t\t\t<div class=\"elementor-element elementor-element-f1beb12 elementor-widget elementor-widget-text-editor\" data-id=\"f1beb12\" data-element_type=\"widget\" data-widget_type=\"text-editor.default\">\n\t\t\t\t<div class=\"elementor-widget-container\">\n\t\t\t\t\t<div class=\"elementor-text-editor elementor-clearfix\"><p><span style=\"font-weight: 400;\">Pouvoir saisir une \u00e9motion dans le temps ou un moment important est ce qui m&rsquo;a attir\u00e9 vers la photographie. La vie bouge \u00e0 la vitesse de la lumi\u00e8re et avec le temps, les souvenirs s&rsquo;effacent parfois mais les photographies restent toujours. De pouvoir retourner \u00e0 ces moments qui ont peut-\u00eatre \u00e9t\u00e9 oubli\u00e9s et pouvoir revivre l\u2019\u00e9motion de l\u2019instant est un des cadeaux les plus pr\u00e9cieux.<\/span><\/p>\n<p><span style=\"font-weight: 400;\">Cr\u00e9er en lumi\u00e8re naturelle est ce qui m&rsquo;inspire le plus. T\u00e9moigner de cette lumi\u00e8re changeante selon le jour ou la saison est vraiment magique pour moi.<\/span><\/p>\n<p><span style=\"font-weight: 400;\">J&rsquo;ai un amour pour les gens! Que ce soit, 2 amoureux, une famille, un bedon qui grandit, un tout petit nouveau venu ou un Oui je le veux, je suis l\u00e0 !<\/span><\/p>\n<p><span style=\"font-weight: 400;\">Le plaisir d&rsquo;abord ! Je veux apprendre \u00e0 vous conna\u00eetre. Je vais rire avec vous, pleurer avec vous, vous raconter des blagues, agir comme un clown et courir avec vos enfants. <\/span><\/p>\n<p><span style=\"font-weight: 400;\">Au cours des derni\u00e8res ann\u00e9es, j&rsquo;ai \u00e9galement eu la chance de travailler avec plusieurs entreprises locales qui m&rsquo;ont fait confiance pour capturer l&rsquo;essence de leurs cr\u00e9ations ou de leurs services et me permettant de d\u00e9velopper une v\u00e9ritable passion pour la photographie de marque. <\/span><\/p>\n<p><span style=\"font-weight: 400;\">J&rsquo;ai h\u00e2te de vous rencontrer et de VOUS immortaliser!<\/span><\/p>\n<\/div>\n\t\t\t\t<\/div>\n\t\t\t\t<\/div>\n\t\t\t\t<div class=\"elementor-element elementor-element-4b547ea elementor-widget elementor-widget-heading\" data-id=\"4b547ea\" data-element_type=\"widget\" data-widget_type=\"heading.default\">\n\t\t\t\t<div class=\"elementor-widget-container\">\n\t\t\t<h6 class=\"elementor-heading-title elementor-size-default\">Catherine Ledoux<\/h6>\t\t<\/div>\n\t\t\t\t<\/div>\n\t\t\t\t\t<\/div>\n\t\t<\/div>\n\t\t\t\t<div class=\"elementor-column elementor-col-33 elementor-top-column elementor-element elementor-element-6b9661a\" data-id=\"6b9661a\" data-element_type=\"column\">\n\t\t\t<div class=\"elementor-widget-wrap elementor-element-populated\">\n\t\t\t\t\t\t\t\t<div class=\"elementor-element elementor-element-91ab976 elementor-widget elementor-widget-image\" data-id=\"91ab976\" data-element_type=\"widget\" data-widget_type=\"image.default\">\n\t\t\t\t<div class=\"elementor-widget-container\">\n\t\t\t\t\t<div class=\"elementor-image\">\n\t\t\t\t\t\t\t\t\t\t<img loading=\"lazy\" decoding=\"async\" width=\"1024\" height=\"1534\" src=\"https:\/\/clphoto.jennyprokopenko.ca\/wp-content\/uploads\/2023\/02\/Cat-42.jpg\" class=\"attachment-full size-full\" alt=\"\" srcset=\"https:\/\/clphoto.jennyprokopenko.ca\/wp-content\/uploads\/2023\/02\/Cat-42.jpg 1024w, https:\/\/clphoto.jennyprokopenko.ca\/wp-content\/uploads\/2023\/02\/Cat-42-200x300.jpg 200w, https:\/\/clphoto.jennyprokopenko.ca\/wp-content\/uploads\/2023\/02\/Cat-42-684x1024.jpg 684w, https:\/\/clphoto.jennyprokopenko.ca\/wp-content\/uploads\/2023\/02\/Cat-42-768x1151.jpg 768w\" sizes=\"auto, (max-width: 1024px) 100vw, 1024px\" \/>\t\t\t\t\t\t\t\t\t\t\t<\/div>\n\t\t\t\t<\/div>\n\t\t\t\t<\/div>\n\t\t\t\t\t<\/div>\n\t\t<\/div>\n\t\t\t\t\t\t\t<\/div>\n\t\t<\/section>\n\t\t\t\t<section class=\"elementor-section elementor-top-section elementor-element elementor-element-1e47f57 elementor-section-full_width elementor-hidden-tablet elementor-hidden-phone elementor-section-height-default elementor-section-height-default\" data-id=\"1e47f57\" data-element_type=\"section\">\n\t\t\t\t\t\t<div class=\"elementor-container elementor-column-gap-default\">\n\t\t\t\t\t<div class=\"elementor-column elementor-col-100 elementor-top-column elementor-element elementor-element-3554999\" data-id=\"3554999\" data-element_type=\"column\">\n\t\t\t<div class=\"elementor-widget-wrap elementor-element-populated\">\n\t\t\t\t\t\t\t\t<div class=\"elementor-element elementor-element-20d06e1 elementor-widget elementor-widget-image\" data-id=\"20d06e1\" data-element_type=\"widget\" data-widget_type=\"image.default\">\n\t\t\t\t<div class=\"elementor-widget-container\">\n\t\t\t\t\t<div class=\"elementor-image\">\n\t\t\t\t\t\t\t\t\t\t<img loading=\"lazy\" decoding=\"async\" width=\"2560\" height=\"753\" src=\"https:\/\/clphoto.jennyprokopenko.ca\/wp-content\/uploads\/2023\/04\/favourites-6-scaled.jpg\" class=\"attachment-full size-full\" alt=\"\" srcset=\"https:\/\/clphoto.jennyprokopenko.ca\/wp-content\/uploads\/2023\/04\/favourites-6-scaled.jpg 2560w, https:\/\/clphoto.jennyprokopenko.ca\/wp-content\/uploads\/2023\/04\/favourites-6-300x88.jpg 300w, https:\/\/clphoto.jennyprokopenko.ca\/wp-content\/uploads\/2023\/04\/favourites-6-1024x301.jpg 1024w, https:\/\/clphoto.jennyprokopenko.ca\/wp-content\/uploads\/2023\/04\/favourites-6-768x226.jpg 768w, https:\/\/clphoto.jennyprokopenko.ca\/wp-content\/uploads\/2023\/04\/favourites-6-1536x452.jpg 1536w, https:\/\/clphoto.jennyprokopenko.ca\/wp-content\/uploads\/2023\/04\/favourites-6-2048x603.jpg 2048w\" sizes=\"auto, (max-width: 2560px) 100vw, 2560px\" \/>\t\t\t\t\t\t\t\t\t\t\t<\/div>\n\t\t\t\t<\/div>\n\t\t\t\t<\/div>\n\t\t\t\t\t<\/div>\n\t\t<\/div>\n\t\t\t\t\t\t\t<\/div>\n\t\t<\/section>\n\t\t\t\t\t\t<\/div>\n\t\t\t\t\t<\/div>\n\t\t","protected":false},"excerpt":{"rendered":"<p>\u00c0 Propos de Moi Salut! Je suis Catherine, passionn\u00e9e de lumi\u00e8re naturelle! Pouvoir saisir une \u00e9motion dans le temps ou un moment important est ce qui m&rsquo;a attir\u00e9 vers la photographie. La vie bouge \u00e0 la vitesse de la lumi\u00e8re et avec le temps, les souvenirs s&rsquo;effacent parfois mais les photographies restent toujours. De pouvoir [&hellip;]<\/p>\n","protected":false},"author":1,"featured_media":0,"parent":0,"menu_order":0,"comment_status":"closed","ping_status":"closed","template":"page-templates\/home-1.php","meta":{"footnotes":""},"class_list":["post-2120","page","type-page","status-publish","hentry"],"_links":{"self":[{"href":"https:\/\/clphoto.jennyprokopenko.ca\/fr\/wp-json\/wp\/v2\/pages\/2120","targetHints":{"allow":["GET"]}}],"collection":[{"href":"https:\/\/clphoto.jennyprokopenko.ca\/fr\/wp-json\/wp\/v2\/pages"}],"about":[{"href":"https:\/\/clphoto.jennyprokopenko.ca\/fr\/wp-json\/wp\/v2\/types\/page"}],"author":[{"embeddable":true,"href":"https:\/\/clphoto.jennyprokopenko.ca\/fr\/wp-json\/wp\/v2\/users\/1"}],"replies":[{"embeddable":true,"href":"https:\/\/clphoto.jennyprokopenko.ca\/fr\/wp-json\/wp\/v2\/comments?post=2120"}],"version-history":[{"count":41,"href":"https:\/\/clphoto.jennyprokopenko.ca\/fr\/wp-json\/wp\/v2\/pages\/2120\/revisions"}],"predecessor-version":[{"id":3981,"href":"https:\/\/clphoto.jennyprokopenko.ca\/fr\/wp-json\/wp\/v2\/pages\/2120\/revisions\/3981"}],"wp:attachment":[{"href":"https:\/\/clphoto.jennyprokopenko.ca\/fr\/wp-json\/wp\/v2\/media?parent=2120"}],"curies":[{"name":"wp","href":"https:\/\/api.w.org\/{rel}","templated":true}]}}