{"id":2150,"date":"2021-08-11T04:39:14","date_gmt":"2021-08-11T04:39:14","guid":{"rendered":"http:\/\/catherine-ledoux-photographie.local\/contact\/"},"modified":"2023-05-11T20:26:29","modified_gmt":"2023-05-11T20:26:29","slug":"contact","status":"publish","type":"page","link":"https:\/\/clphoto.jennyprokopenko.ca\/fr\/contact\/","title":{"rendered":"Contact"},"content":{"rendered":"\t\t<div data-elementor-type=\"wp-page\" data-elementor-id=\"2150\" class=\"elementor elementor-2150 elementor-37\" data-elementor-settings=\"[]\">\n\t\t\t\t\t\t\t<div class=\"elementor-section-wrap\">\n\t\t\t\t\t\t\t<section class=\"elementor-section elementor-top-section elementor-element elementor-element-b534287 elementor-section-full_width elementor-section-height-default elementor-section-height-default\" data-id=\"b534287\" data-element_type=\"section\">\n\t\t\t\t\t\t<div class=\"elementor-container elementor-column-gap-no\">\n\t\t\t\t\t<div class=\"elementor-column elementor-col-100 elementor-top-column elementor-element elementor-element-3a0c3a7\" data-id=\"3a0c3a7\" data-element_type=\"column\">\n\t\t\t<div class=\"elementor-widget-wrap elementor-element-populated\">\n\t\t\t\t\t\t\t\t<div class=\"elementor-element elementor-element-2d9cc85 elementor-widget elementor-widget-image\" data-id=\"2d9cc85\" data-element_type=\"widget\" data-widget_type=\"image.default\">\n\t\t\t\t<div class=\"elementor-widget-container\">\n\t\t\t\t\t<div class=\"elementor-image\">\n\t\t\t\t\t\t\t\t\t\t<img loading=\"lazy\" decoding=\"async\" width=\"1080\" height=\"372\" src=\"https:\/\/clphoto.jennyprokopenko.ca\/wp-content\/uploads\/2023\/04\/Tremblay-24-e1681572262733.jpg\" class=\"attachment-full size-full\" alt=\"\" srcset=\"https:\/\/clphoto.jennyprokopenko.ca\/wp-content\/uploads\/2023\/04\/Tremblay-24-e1681572262733.jpg 1080w, https:\/\/clphoto.jennyprokopenko.ca\/wp-content\/uploads\/2023\/04\/Tremblay-24-e1681572262733-300x103.jpg 300w, https:\/\/clphoto.jennyprokopenko.ca\/wp-content\/uploads\/2023\/04\/Tremblay-24-e1681572262733-1024x353.jpg 1024w, https:\/\/clphoto.jennyprokopenko.ca\/wp-content\/uploads\/2023\/04\/Tremblay-24-e1681572262733-768x265.jpg 768w\" sizes=\"auto, (max-width: 1080px) 100vw, 1080px\" \/>\t\t\t\t\t\t\t\t\t\t\t<\/div>\n\t\t\t\t<\/div>\n\t\t\t\t<\/div>\n\t\t\t\t<div class=\"elementor-element elementor-element-1eed567 elementor-widget elementor-widget-heading\" data-id=\"1eed567\" data-element_type=\"widget\" data-widget_type=\"heading.default\">\n\t\t\t\t<div class=\"elementor-widget-container\">\n\t\t\t<h2 class=\"elementor-heading-title elementor-size-default\">Contactez-Moi<\/h2>\t\t<\/div>\n\t\t\t\t<\/div>\n\t\t\t\t\t<\/div>\n\t\t<\/div>\n\t\t\t\t\t\t\t<\/div>\n\t\t<\/section>\n\t\t\t\t<section class=\"elementor-section elementor-top-section elementor-element elementor-element-02c75fb elementor-hidden-desktop elementor-section-boxed elementor-section-height-default elementor-section-height-default\" data-id=\"02c75fb\" data-element_type=\"section\" data-settings=\"{&quot;background_background&quot;:&quot;classic&quot;}\">\n\t\t\t\t\t\t<div class=\"elementor-container elementor-column-gap-default\">\n\t\t\t\t\t<div class=\"elementor-column elementor-col-100 elementor-top-column elementor-element elementor-element-28327e0\" data-id=\"28327e0\" data-element_type=\"column\">\n\t\t\t<div class=\"elementor-widget-wrap elementor-element-populated\">\n\t\t\t\t\t\t\t\t<div class=\"elementor-element elementor-element-77873b3 elementor-widget elementor-widget-heading\" data-id=\"77873b3\" data-element_type=\"widget\" data-widget_type=\"heading.default\">\n\t\t\t\t<div class=\"elementor-widget-container\">\n\t\t\t<h2 class=\"elementor-heading-title elementor-size-default\">Vous \u00eates pr\u00eats?<\/h2>\t\t<\/div>\n\t\t\t\t<\/div>\n\t\t\t\t<div class=\"elementor-element elementor-element-019a007 elementor-widget elementor-widget-text-editor\" data-id=\"019a007\" data-element_type=\"widget\" data-widget_type=\"text-editor.default\">\n\t\t\t\t<div class=\"elementor-widget-container\">\n\t\t\t\t\t<div class=\"elementor-text-editor elementor-clearfix\"><p style=\"text-align: center;\">Pour discuter ou r\u00e9servez une s\u00e9ance, veuillez remplir le formulaire ci-dessous.<\/p>\n<p style=\"text-align: center;\">Vous aurez de mes nouvelles dans les 24 \u00e0 48 heures<\/p>\n<p style=\"text-align: center;\">514.791.2650<\/p><\/div>\n\t\t\t\t<\/div>\n\t\t\t\t<\/div>\n\t\t\t\t\t<\/div>\n\t\t<\/div>\n\t\t\t\t\t\t\t<\/div>\n\t\t<\/section>\n\t\t\t\t<section class=\"elementor-section elementor-top-section elementor-element elementor-element-df657bf elementor-hidden-desktop elementor-section-boxed elementor-section-height-default elementor-section-height-default\" data-id=\"df657bf\" data-element_type=\"section\">\n\t\t\t\t\t\t<div class=\"elementor-container elementor-column-gap-default\">\n\t\t\t\t\t<div class=\"elementor-column elementor-col-100 elementor-top-column elementor-element elementor-element-e3973e6\" data-id=\"e3973e6\" data-element_type=\"column\">\n\t\t\t<div class=\"elementor-widget-wrap elementor-element-populated\">\n\t\t\t\t\t\t\t\t<div class=\"elementor-element elementor-element-94fb183 elementor-widget elementor-widget-wpforms\" data-id=\"94fb183\" data-element_type=\"widget\" data-widget_type=\"wpforms.default\">\n\t\t\t\t<div class=\"elementor-widget-container\">\n\t\t\t<div class=\"wpforms-container wpforms-container-full contact-form\" id=\"wpforms-2310\"><form id=\"wpforms-form-2310\" class=\"wpforms-validate wpforms-form wpforms-ajax-form\" data-formid=\"2310\" method=\"post\" enctype=\"multipart\/form-data\" action=\"\/fr\/wp-json\/wp\/v2\/pages\/2150\" data-token=\"1b994dafa1fbf92b9bb59b959de0a1ee\"><noscript class=\"wpforms-error-noscript\">Veuillez activer JavaScript dans votre navigateur pour remplir ce formulaire.<\/noscript><div class=\"wpforms-field-container\"><div id=\"wpforms-2310-field_3-container\" class=\"wpforms-field wpforms-field-text\" data-field-id=\"3\"><label class=\"wpforms-field-label\" for=\"wpforms-2310-field_3\">Pr\u00e9nom: <span class=\"wpforms-required-label\">*<\/span><\/label><input type=\"text\" id=\"wpforms-2310-field_3\" class=\"wpforms-field-medium wpforms-field-required\" name=\"wpforms[fields][3]\" required><\/div><div id=\"wpforms-2310-field_4-container\" class=\"wpforms-field wpforms-field-text\" data-field-id=\"4\"><label class=\"wpforms-field-label\" for=\"wpforms-2310-field_4\">Nom: <span class=\"wpforms-required-label\">*<\/span><\/label><input type=\"text\" id=\"wpforms-2310-field_4\" class=\"wpforms-field-medium wpforms-field-required\" name=\"wpforms[fields][4]\" required><\/div><div id=\"wpforms-2310-field_9-container\" class=\"wpforms-field wpforms-field-email\" data-field-id=\"9\"><label class=\"wpforms-field-label\" for=\"wpforms-2310-field_9\">Courriel <span class=\"wpforms-required-label\">*<\/span><\/label><input type=\"email\" id=\"wpforms-2310-field_9\" class=\"wpforms-field-medium wpforms-field-required\" name=\"wpforms[fields][9]\" required><\/div><div id=\"wpforms-2310-field_6-container\" class=\"wpforms-field wpforms-field-text\" data-field-id=\"6\"><label class=\"wpforms-field-label\" for=\"wpforms-2310-field_6\">Num\u00e9ro de t\u00e9l\u00e9phone:<\/label><input type=\"text\" id=\"wpforms-2310-field_6\" class=\"wpforms-field-medium\" name=\"wpforms[fields][6]\" ><\/div><div id=\"wpforms-2310-field_7-container\" class=\"wpforms-field wpforms-field-select wpforms-field-select-style-classic\" data-field-id=\"7\"><label class=\"wpforms-field-label\" for=\"wpforms-2310-field_7\">Quel type de s\u00e9ance vous int\u00e9resse? <span class=\"wpforms-required-label\">*<\/span><\/label><select id=\"wpforms-2310-field_7\" class=\"wpforms-field-medium wpforms-field-required\" name=\"wpforms[fields][7]\" required=\"required\"><option value=\"Famille\" >Famille<\/option><option value=\"Maternit\u00e9\" >Maternit\u00e9<\/option><option value=\"Nouveau-n\u00e9\" >Nouveau-n\u00e9<\/option><option value=\"Mariage\" >Mariage<\/option><option value=\"Image de marque \/ Corporatif\" >Image de marque \/ Corporatif<\/option><option value=\"\u00c9v\u00e9nement\" >\u00c9v\u00e9nement<\/option><\/select><\/div><div id=\"wpforms-2310-field_10-container\" class=\"wpforms-field wpforms-field-text\" data-field-id=\"10\"><label class=\"wpforms-field-label\" for=\"wpforms-2310-field_10\">Date provisoire (JJ\/MM\/AAAA): <span class=\"wpforms-required-label\">*<\/span><\/label><input type=\"text\" id=\"wpforms-2310-field_10\" class=\"wpforms-field-medium wpforms-field-required\" name=\"wpforms[fields][10]\" required><\/div><div id=\"wpforms-2310-field_8-container\" class=\"wpforms-field wpforms-field-textarea\" data-field-id=\"8\"><label class=\"wpforms-field-label\" for=\"wpforms-2310-field_8\">Dites-m&#039;en un peu plus sur la fa\u00e7on dont vous envisagez votre s\u00e9ance :<\/label><textarea id=\"wpforms-2310-field_8\" class=\"wpforms-field-medium\" name=\"wpforms[fields][8]\" ><\/textarea><\/div><\/div><div class=\"wpforms-submit-container\"><input type=\"hidden\" name=\"wpforms[id]\" value=\"2310\"><input type=\"hidden\" name=\"wpforms[author]\" value=\"1\"><button type=\"submit\" name=\"wpforms[submit]\" id=\"wpforms-submit-2310\" class=\"wpforms-submit form-button\" data-alt-text=\"Sending...\" data-submit-text=\"Soumettre\" aria-live=\"assertive\" value=\"wpforms-submit\">Soumettre<\/button><img loading=\"lazy\" decoding=\"async\" src=\"https:\/\/clphoto.jennyprokopenko.ca\/wp-content\/plugins\/wpforms-lite\/assets\/images\/submit-spin.svg\" class=\"wpforms-submit-spinner\" style=\"display: none;\" width=\"26\" height=\"26\" alt=\"Chargement en cours\"><\/div><\/form><\/div>  <!-- .wpforms-container -->\t\t<\/div>\n\t\t\t\t<\/div>\n\t\t\t\t\t<\/div>\n\t\t<\/div>\n\t\t\t\t\t\t\t<\/div>\n\t\t<\/section>\n\t\t\t\t<section class=\"elementor-section elementor-top-section elementor-element elementor-element-63af8d0 elementor-hidden-tablet elementor-hidden-phone elementor-section-boxed elementor-section-height-default elementor-section-height-default\" data-id=\"63af8d0\" data-element_type=\"section\">\n\t\t\t\t\t\t<div class=\"elementor-container elementor-column-gap-default\">\n\t\t\t\t\t<div class=\"elementor-column elementor-col-50 elementor-top-column elementor-element elementor-element-9a360af\" data-id=\"9a360af\" data-element_type=\"column\">\n\t\t\t<div class=\"elementor-widget-wrap elementor-element-populated\">\n\t\t\t\t\t\t\t\t<div class=\"elementor-element elementor-element-d5e71da elementor-widget elementor-widget-heading\" data-id=\"d5e71da\" data-element_type=\"widget\" data-widget_type=\"heading.default\">\n\t\t\t\t<div class=\"elementor-widget-container\">\n\t\t\t<h2 class=\"elementor-heading-title elementor-size-default\">Vous \u00eates pr\u00eats?<\/h2>\t\t<\/div>\n\t\t\t\t<\/div>\n\t\t\t\t<div class=\"elementor-element elementor-element-81c18b7 elementor-widget elementor-widget-text-editor\" data-id=\"81c18b7\" data-element_type=\"widget\" data-widget_type=\"text-editor.default\">\n\t\t\t\t<div class=\"elementor-widget-container\">\n\t\t\t\t\t<div class=\"elementor-text-editor elementor-clearfix\"><p>Pour discuter ou r\u00e9servez une s\u00e9ance, veuillez remplir le formulaire ci-dessous.<\/p>\n<p>Vous aurez de mes nouvelles dans les 24 \u00e0 48 heures<\/p>\n<p>514.791.2650<\/p>\n<\/div>\n\t\t\t\t<\/div>\n\t\t\t\t<\/div>\n\t\t\t\t\t<\/div>\n\t\t<\/div>\n\t\t\t\t<div class=\"elementor-column elementor-col-50 elementor-top-column elementor-element elementor-element-d992cc4\" data-id=\"d992cc4\" data-element_type=\"column\">\n\t\t\t<div class=\"elementor-widget-wrap elementor-element-populated\">\n\t\t\t\t\t\t\t\t<div class=\"elementor-element elementor-element-2ac65eb elementor-widget elementor-widget-wpforms\" data-id=\"2ac65eb\" data-element_type=\"widget\" data-widget_type=\"wpforms.default\">\n\t\t\t\t<div class=\"elementor-widget-container\">\n\t\t\t<div class=\"wpforms-container wpforms-container-full contact-form\" id=\"wpforms-2310\"><form id=\"wpforms-form-2310\" class=\"wpforms-validate wpforms-form wpforms-ajax-form\" data-formid=\"2310\" method=\"post\" enctype=\"multipart\/form-data\" action=\"\/fr\/wp-json\/wp\/v2\/pages\/2150\" data-token=\"1b994dafa1fbf92b9bb59b959de0a1ee\"><noscript class=\"wpforms-error-noscript\">Veuillez activer JavaScript dans votre navigateur pour remplir ce formulaire.<\/noscript><div class=\"wpforms-field-container\"><div id=\"wpforms-2310-field_3-container\" class=\"wpforms-field wpforms-field-text\" data-field-id=\"3\"><label class=\"wpforms-field-label\" for=\"wpforms-2310-field_3\">Pr\u00e9nom: <span class=\"wpforms-required-label\">*<\/span><\/label><input type=\"text\" id=\"wpforms-2310-field_3\" class=\"wpforms-field-medium wpforms-field-required\" name=\"wpforms[fields][3]\" required><\/div><div id=\"wpforms-2310-field_4-container\" class=\"wpforms-field wpforms-field-text\" data-field-id=\"4\"><label class=\"wpforms-field-label\" for=\"wpforms-2310-field_4\">Nom: <span class=\"wpforms-required-label\">*<\/span><\/label><input type=\"text\" id=\"wpforms-2310-field_4\" class=\"wpforms-field-medium wpforms-field-required\" name=\"wpforms[fields][4]\" required><\/div><div id=\"wpforms-2310-field_9-container\" class=\"wpforms-field wpforms-field-email\" data-field-id=\"9\"><label class=\"wpforms-field-label\" for=\"wpforms-2310-field_9\">Courriel <span class=\"wpforms-required-label\">*<\/span><\/label><input type=\"email\" id=\"wpforms-2310-field_9\" class=\"wpforms-field-medium wpforms-field-required\" name=\"wpforms[fields][9]\" required><\/div><div id=\"wpforms-2310-field_6-container\" class=\"wpforms-field wpforms-field-text\" data-field-id=\"6\"><label class=\"wpforms-field-label\" for=\"wpforms-2310-field_6\">Num\u00e9ro de t\u00e9l\u00e9phone:<\/label><input type=\"text\" id=\"wpforms-2310-field_6\" class=\"wpforms-field-medium\" name=\"wpforms[fields][6]\" ><\/div><div id=\"wpforms-2310-field_7-container\" class=\"wpforms-field wpforms-field-select wpforms-field-select-style-classic\" data-field-id=\"7\"><label class=\"wpforms-field-label\" for=\"wpforms-2310-field_7\">Quel type de s\u00e9ance vous int\u00e9resse? <span class=\"wpforms-required-label\">*<\/span><\/label><select id=\"wpforms-2310-field_7\" class=\"wpforms-field-medium wpforms-field-required\" name=\"wpforms[fields][7]\" required=\"required\"><option value=\"Famille\" >Famille<\/option><option value=\"Maternit\u00e9\" >Maternit\u00e9<\/option><option value=\"Nouveau-n\u00e9\" >Nouveau-n\u00e9<\/option><option value=\"Mariage\" >Mariage<\/option><option value=\"Image de marque \/ Corporatif\" >Image de marque \/ Corporatif<\/option><option value=\"\u00c9v\u00e9nement\" >\u00c9v\u00e9nement<\/option><\/select><\/div><div id=\"wpforms-2310-field_10-container\" class=\"wpforms-field wpforms-field-text\" data-field-id=\"10\"><label class=\"wpforms-field-label\" for=\"wpforms-2310-field_10\">Date provisoire (JJ\/MM\/AAAA): <span class=\"wpforms-required-label\">*<\/span><\/label><input type=\"text\" id=\"wpforms-2310-field_10\" class=\"wpforms-field-medium wpforms-field-required\" name=\"wpforms[fields][10]\" required><\/div><div id=\"wpforms-2310-field_8-container\" class=\"wpforms-field wpforms-field-textarea\" data-field-id=\"8\"><label class=\"wpforms-field-label\" for=\"wpforms-2310-field_8\">Dites-m&#039;en un peu plus sur la fa\u00e7on dont vous envisagez votre s\u00e9ance :<\/label><textarea id=\"wpforms-2310-field_8\" class=\"wpforms-field-medium\" name=\"wpforms[fields][8]\" ><\/textarea><\/div><\/div><div class=\"wpforms-submit-container\"><input type=\"hidden\" name=\"wpforms[id]\" value=\"2310\"><input type=\"hidden\" name=\"wpforms[author]\" value=\"1\"><button type=\"submit\" name=\"wpforms[submit]\" id=\"wpforms-submit-2310\" class=\"wpforms-submit form-button\" data-alt-text=\"Sending...\" data-submit-text=\"Soumettre\" aria-live=\"assertive\" value=\"wpforms-submit\">Soumettre<\/button><img loading=\"lazy\" decoding=\"async\" src=\"https:\/\/clphoto.jennyprokopenko.ca\/wp-content\/plugins\/wpforms-lite\/assets\/images\/submit-spin.svg\" class=\"wpforms-submit-spinner\" style=\"display: none;\" width=\"26\" height=\"26\" alt=\"Chargement en cours\"><\/div><\/form><\/div>  <!-- .wpforms-container -->\t\t<\/div>\n\t\t\t\t<\/div>\n\t\t\t\t\t<\/div>\n\t\t<\/div>\n\t\t\t\t\t\t\t<\/div>\n\t\t<\/section>\n\t\t\t\t\t\t<\/div>\n\t\t\t\t\t<\/div>\n\t\t","protected":false},"excerpt":{"rendered":"<p>Contactez-Moi Vous \u00eates pr\u00eats? Pour discuter ou r\u00e9servez une s\u00e9ance, veuillez remplir le formulaire ci-dessous. Vous aurez de mes nouvelles dans les 24 \u00e0 48 heures 514.791.2650 Vous \u00eates pr\u00eats? Pour discuter ou r\u00e9servez une s\u00e9ance, veuillez remplir le formulaire ci-dessous. Vous aurez de mes nouvelles dans les 24 \u00e0 48 heures 514.791.2650<\/p>\n","protected":false},"author":1,"featured_media":0,"parent":0,"menu_order":0,"comment_status":"closed","ping_status":"closed","template":"page-templates\/home-1.php","meta":{"footnotes":""},"class_list":["post-2150","page","type-page","status-publish","hentry"],"_links":{"self":[{"href":"https:\/\/clphoto.jennyprokopenko.ca\/fr\/wp-json\/wp\/v2\/pages\/2150","targetHints":{"allow":["GET"]}}],"collection":[{"href":"https:\/\/clphoto.jennyprokopenko.ca\/fr\/wp-json\/wp\/v2\/pages"}],"about":[{"href":"https:\/\/clphoto.jennyprokopenko.ca\/fr\/wp-json\/wp\/v2\/types\/page"}],"author":[{"embeddable":true,"href":"https:\/\/clphoto.jennyprokopenko.ca\/fr\/wp-json\/wp\/v2\/users\/1"}],"replies":[{"embeddable":true,"href":"https:\/\/clphoto.jennyprokopenko.ca\/fr\/wp-json\/wp\/v2\/comments?post=2150"}],"version-history":[{"count":22,"href":"https:\/\/clphoto.jennyprokopenko.ca\/fr\/wp-json\/wp\/v2\/pages\/2150\/revisions"}],"predecessor-version":[{"id":4028,"href":"https:\/\/clphoto.jennyprokopenko.ca\/fr\/wp-json\/wp\/v2\/pages\/2150\/revisions\/4028"}],"wp:attachment":[{"href":"https:\/\/clphoto.jennyprokopenko.ca\/fr\/wp-json\/wp\/v2\/media?parent=2150"}],"curies":[{"name":"wp","href":"https:\/\/api.w.org\/{rel}","templated":true}]}}