{"id":2240,"date":"2023-02-27T20:28:16","date_gmt":"2023-02-27T20:28:16","guid":{"rendered":"https:\/\/clphoto.jennyprokopenko.ca\/investment-commercial\/"},"modified":"2023-05-11T20:13:09","modified_gmt":"2023-05-11T20:13:09","slug":"investment-commercial","status":"publish","type":"page","link":"https:\/\/clphoto.jennyprokopenko.ca\/fr\/investment-commercial\/","title":{"rendered":"Investment &#8211; Commercial"},"content":{"rendered":"\t\t<div data-elementor-type=\"wp-page\" data-elementor-id=\"2240\" class=\"elementor elementor-2240 elementor-1287\" data-elementor-settings=\"[]\">\n\t\t\t\t\t\t\t<div class=\"elementor-section-wrap\">\n\t\t\t\t\t\t\t<section class=\"elementor-section elementor-top-section elementor-element elementor-element-b534287 elementor-section-full_width elementor-section-height-default elementor-section-height-default\" data-id=\"b534287\" data-element_type=\"section\">\n\t\t\t\t\t\t<div class=\"elementor-container elementor-column-gap-no\">\n\t\t\t\t\t<div class=\"elementor-column elementor-col-100 elementor-top-column elementor-element elementor-element-3a0c3a7\" data-id=\"3a0c3a7\" data-element_type=\"column\">\n\t\t\t<div class=\"elementor-widget-wrap\">\n\t\t\t\t\t\t\t\t\t<\/div>\n\t\t<\/div>\n\t\t\t\t\t\t\t<\/div>\n\t\t<\/section>\n\t\t\t\t<section class=\"elementor-section elementor-top-section elementor-element elementor-element-a2dc486 elementor-section-full_width elementor-section-height-default elementor-section-height-default\" data-id=\"a2dc486\" data-element_type=\"section\">\n\t\t\t\t\t\t<div class=\"elementor-container elementor-column-gap-no\">\n\t\t\t\t\t<div class=\"elementor-column elementor-col-100 elementor-top-column elementor-element elementor-element-5c3fe71\" data-id=\"5c3fe71\" data-element_type=\"column\">\n\t\t\t<div class=\"elementor-widget-wrap elementor-element-populated\">\n\t\t\t\t\t\t\t\t<div class=\"elementor-element elementor-element-511f177 elementor-widget elementor-widget-image\" data-id=\"511f177\" data-element_type=\"widget\" data-widget_type=\"image.default\">\n\t\t\t\t<div class=\"elementor-widget-container\">\n\t\t\t\t\t<div class=\"elementor-image\">\n\t\t\t\t\t\t\t\t\t\t<img loading=\"lazy\" decoding=\"async\" width=\"2560\" height=\"851\" src=\"https:\/\/clphoto.jennyprokopenko.ca\/wp-content\/uploads\/2023\/04\/Kindred-Co-8-scaled-e1681573017378.jpg\" class=\"attachment-full size-full\" alt=\"\" srcset=\"https:\/\/clphoto.jennyprokopenko.ca\/wp-content\/uploads\/2023\/04\/Kindred-Co-8-scaled-e1681573017378.jpg 2560w, https:\/\/clphoto.jennyprokopenko.ca\/wp-content\/uploads\/2023\/04\/Kindred-Co-8-scaled-e1681573017378-300x100.jpg 300w, https:\/\/clphoto.jennyprokopenko.ca\/wp-content\/uploads\/2023\/04\/Kindred-Co-8-scaled-e1681573017378-1024x340.jpg 1024w, https:\/\/clphoto.jennyprokopenko.ca\/wp-content\/uploads\/2023\/04\/Kindred-Co-8-scaled-e1681573017378-768x255.jpg 768w, https:\/\/clphoto.jennyprokopenko.ca\/wp-content\/uploads\/2023\/04\/Kindred-Co-8-scaled-e1681573017378-1536x511.jpg 1536w, https:\/\/clphoto.jennyprokopenko.ca\/wp-content\/uploads\/2023\/04\/Kindred-Co-8-scaled-e1681573017378-2048x681.jpg 2048w\" sizes=\"auto, (max-width: 2560px) 100vw, 2560px\" \/>\t\t\t\t\t\t\t\t\t\t\t<\/div>\n\t\t\t\t<\/div>\n\t\t\t\t<\/div>\n\t\t\t\t<div class=\"elementor-element elementor-element-6dc1061 elementor-widget elementor-widget-heading\" data-id=\"6dc1061\" data-element_type=\"widget\" data-widget_type=\"heading.default\">\n\t\t\t\t<div class=\"elementor-widget-container\">\n\t\t\t<h2 class=\"elementor-heading-title elementor-size-default\">Branding | Image de marque<\/h2>\t\t<\/div>\n\t\t\t\t<\/div>\n\t\t\t\t\t<\/div>\n\t\t<\/div>\n\t\t\t\t\t\t\t<\/div>\n\t\t<\/section>\n\t\t\t\t<section class=\"elementor-section elementor-top-section elementor-element elementor-element-93d0977 elementor-section-boxed elementor-section-height-default elementor-section-height-default\" data-id=\"93d0977\" data-element_type=\"section\">\n\t\t\t\t\t\t<div class=\"elementor-container elementor-column-gap-default\">\n\t\t\t\t\t<div class=\"elementor-column elementor-col-100 elementor-top-column elementor-element elementor-element-e57b984\" data-id=\"e57b984\" data-element_type=\"column\">\n\t\t\t<div class=\"elementor-widget-wrap elementor-element-populated\">\n\t\t\t\t\t\t\t\t<div class=\"elementor-element elementor-element-aed7bfb elementor-widget elementor-widget-text-editor\" data-id=\"aed7bfb\" data-element_type=\"widget\" data-widget_type=\"text-editor.default\">\n\t\t\t\t<div class=\"elementor-widget-container\">\n\t\t\t\t\t<div class=\"elementor-text-editor elementor-clearfix\"><p><span style=\"font-weight: 400; font-size: 18px;\">Une session de branding vous fournit une biblioth\u00e8que de photographies qui vous pr\u00e9sente, vous la personne, votre entreprise et votre personnalit\u00e9. Les photos de marque incluent des portraits traditionnels, ainsi que ce que des photos de \u00ab\u00a0Lifestyle\u00a0\u00bb. <\/span><\/p>\n<p><span style=\"font-weight: 400; font-size: 18px;\">Les photos \u00ab\u00a0Lifestyle\u00a0\u00bb peuvent \u00eatre chics ou plus d\u00e9contract\u00e9es et inclure des photos en action, des photos de vous en train d&rsquo;interagir avec votre produit, vos outils de travail ou m\u00eame avec des clients, ainsi que des photos d\u00e9taill\u00e9es repr\u00e9sentant votre marque et votre style de vie professionnel.<\/span><\/p>\n<p><span style=\"font-weight: 400; font-size: 18px;\">Contactez-moi pour discuter de vos besoins sp\u00e9cifiques et nous ferons briller votre marque ou votre service!<\/span><\/p>\n<\/div>\n\t\t\t\t<\/div>\n\t\t\t\t<\/div>\n\t\t\t\t\t<\/div>\n\t\t<\/div>\n\t\t\t\t\t\t\t<\/div>\n\t\t<\/section>\n\t\t\t\t<section class=\"elementor-section elementor-top-section elementor-element elementor-element-921efa5 elementor-hidden-desktop elementor-section-boxed elementor-section-height-default elementor-section-height-default\" data-id=\"921efa5\" data-element_type=\"section\">\n\t\t\t\t\t\t<div class=\"elementor-container elementor-column-gap-default\">\n\t\t\t\t\t<div class=\"elementor-column elementor-col-100 elementor-top-column elementor-element elementor-element-07081b0\" data-id=\"07081b0\" data-element_type=\"column\">\n\t\t\t<div class=\"elementor-widget-wrap elementor-element-populated\">\n\t\t\t\t\t\t\t\t<div class=\"elementor-element elementor-element-ae4b5c8 elementor-widget elementor-widget-image\" data-id=\"ae4b5c8\" data-element_type=\"widget\" data-widget_type=\"image.default\">\n\t\t\t\t<div class=\"elementor-widget-container\">\n\t\t\t\t\t<div class=\"elementor-image\">\n\t\t\t\t\t\t\t\t\t\t<img loading=\"lazy\" decoding=\"async\" width=\"823\" height=\"1024\" src=\"https:\/\/clphoto.jennyprokopenko.ca\/wp-content\/uploads\/2023\/05\/Lincoln-Apartment-Bakery-101-e1683835198262-823x1024.jpg\" class=\"attachment-large size-large\" alt=\"\" srcset=\"https:\/\/clphoto.jennyprokopenko.ca\/wp-content\/uploads\/2023\/05\/Lincoln-Apartment-Bakery-101-e1683835198262-823x1024.jpg 823w, https:\/\/clphoto.jennyprokopenko.ca\/wp-content\/uploads\/2023\/05\/Lincoln-Apartment-Bakery-101-e1683835198262-241x300.jpg 241w, https:\/\/clphoto.jennyprokopenko.ca\/wp-content\/uploads\/2023\/05\/Lincoln-Apartment-Bakery-101-e1683835198262-768x955.jpg 768w, https:\/\/clphoto.jennyprokopenko.ca\/wp-content\/uploads\/2023\/05\/Lincoln-Apartment-Bakery-101-e1683835198262-1235x1536.jpg 1235w, https:\/\/clphoto.jennyprokopenko.ca\/wp-content\/uploads\/2023\/05\/Lincoln-Apartment-Bakery-101-e1683835198262.jpg 1427w\" sizes=\"auto, (max-width: 823px) 100vw, 823px\" \/>\t\t\t\t\t\t\t\t\t\t\t<\/div>\n\t\t\t\t<\/div>\n\t\t\t\t<\/div>\n\t\t\t\t<div class=\"elementor-element elementor-element-e89250d elementor-widget elementor-widget-heading\" data-id=\"e89250d\" data-element_type=\"widget\" data-widget_type=\"heading.default\">\n\t\t\t\t<div class=\"elementor-widget-container\">\n\t\t\t<h2 class=\"elementor-heading-title elementor-size-large\">Portraits professionnels<\/h2>\t\t<\/div>\n\t\t\t\t<\/div>\n\t\t\t\t<div class=\"elementor-element elementor-element-dc0a2a3 elementor-widget elementor-widget-text-editor\" data-id=\"dc0a2a3\" data-element_type=\"widget\" data-widget_type=\"text-editor.default\">\n\t\t\t\t<div class=\"elementor-widget-container\">\n\t\t\t\t\t<div class=\"elementor-text-editor elementor-clearfix\"><p style=\"font-weight: 400;\">Appel de 30 minutes (session de brainstorming)<\/p><p style=\"font-weight: 400;\">S\u00e9ance de 30 minutes (lieu \u00e0 discuter)<\/p><p style=\"font-weight: 400;\">2 changements de tenue<\/p><p style=\"font-weight: 400;\">Choix de 3 photos num\u00e9riques finales en haute r\u00e9solution<\/p><p style=\"font-weight: 400;\">Option d&rsquo;achat de la galerie compl\u00e8te<\/p><p style=\"font-weight: 400;\">\u00a0<\/p><p style=\"font-weight: 400;\">\u00c0 partir de 175$<\/p><\/div>\n\t\t\t\t<\/div>\n\t\t\t\t<\/div>\n\t\t\t\t\t<\/div>\n\t\t<\/div>\n\t\t\t\t\t\t\t<\/div>\n\t\t<\/section>\n\t\t\t\t<section class=\"elementor-section elementor-top-section elementor-element elementor-element-de9b3c4 elementor-hidden-desktop elementor-section-boxed elementor-section-height-default elementor-section-height-default\" data-id=\"de9b3c4\" data-element_type=\"section\">\n\t\t\t\t\t\t<div class=\"elementor-container elementor-column-gap-default\">\n\t\t\t\t\t<div class=\"elementor-column elementor-col-100 elementor-top-column elementor-element elementor-element-1e9a7a9\" data-id=\"1e9a7a9\" data-element_type=\"column\">\n\t\t\t<div class=\"elementor-widget-wrap elementor-element-populated\">\n\t\t\t\t\t\t\t\t<div class=\"elementor-element elementor-element-6449094 elementor-widget elementor-widget-image\" data-id=\"6449094\" data-element_type=\"widget\" data-widget_type=\"image.default\">\n\t\t\t\t<div class=\"elementor-widget-container\">\n\t\t\t\t\t<div class=\"elementor-image\">\n\t\t\t\t\t\t\t\t\t\t<img loading=\"lazy\" decoding=\"async\" width=\"819\" height=\"1024\" src=\"https:\/\/clphoto.jennyprokopenko.ca\/wp-content\/uploads\/2023\/05\/Dalphond-project-37-819x1024.jpg\" class=\"attachment-large size-large\" alt=\"\" srcset=\"https:\/\/clphoto.jennyprokopenko.ca\/wp-content\/uploads\/2023\/05\/Dalphond-project-37-819x1024.jpg 819w, https:\/\/clphoto.jennyprokopenko.ca\/wp-content\/uploads\/2023\/05\/Dalphond-project-37-240x300.jpg 240w, https:\/\/clphoto.jennyprokopenko.ca\/wp-content\/uploads\/2023\/05\/Dalphond-project-37-768x960.jpg 768w, https:\/\/clphoto.jennyprokopenko.ca\/wp-content\/uploads\/2023\/05\/Dalphond-project-37.jpg 864w\" sizes=\"auto, (max-width: 819px) 100vw, 819px\" \/>\t\t\t\t\t\t\t\t\t\t\t<\/div>\n\t\t\t\t<\/div>\n\t\t\t\t<\/div>\n\t\t\t\t<div class=\"elementor-element elementor-element-523d1c5 elementor-widget elementor-widget-heading\" data-id=\"523d1c5\" data-element_type=\"widget\" data-widget_type=\"heading.default\">\n\t\t\t\t<div class=\"elementor-widget-container\">\n\t\t\t<h2 class=\"elementor-heading-title elementor-size-large\">Session de Branding \u2013 Image de marque\n\n<\/h2>\t\t<\/div>\n\t\t\t\t<\/div>\n\t\t\t\t<div class=\"elementor-element elementor-element-a2fddd2 elementor-widget elementor-widget-text-editor\" data-id=\"a2fddd2\" data-element_type=\"widget\" data-widget_type=\"text-editor.default\">\n\t\t\t\t<div class=\"elementor-widget-container\">\n\t\t\t\t\t<div class=\"elementor-text-editor elementor-clearfix\"><p style=\"font-weight: 400;\">Appel de 30 minutes (session de brainstorming )<\/p><p style=\"font-weight: 400;\">S\u00e9ance de 1h-1.5h (Lieu \u00e0 discuter)<\/p><p style=\"font-weight: 400;\">Un choix de 25 photos num\u00e9riques finales en haute r\u00e9solution<\/p><p style=\"font-weight: 400;\">Possibilit\u00e9 d&rsquo;acheter toute la galerie<\/p><p style=\"font-weight: 400;\">\u00a0<\/p><p style=\"font-weight: 400;\">\u00c0 partir de 450$<\/p><\/div>\n\t\t\t\t<\/div>\n\t\t\t\t<\/div>\n\t\t\t\t\t<\/div>\n\t\t<\/div>\n\t\t\t\t\t\t\t<\/div>\n\t\t<\/section>\n\t\t\t\t<section class=\"elementor-section elementor-top-section elementor-element elementor-element-3a2a9ca elementor-hidden-tablet elementor-hidden-phone elementor-section-boxed elementor-section-height-default elementor-section-height-default\" data-id=\"3a2a9ca\" data-element_type=\"section\">\n\t\t\t\t\t\t<div class=\"elementor-container elementor-column-gap-no\">\n\t\t\t\t\t<div class=\"elementor-column elementor-col-50 elementor-top-column elementor-element elementor-element-06bdc4c\" data-id=\"06bdc4c\" data-element_type=\"column\">\n\t\t\t<div class=\"elementor-widget-wrap elementor-element-populated\">\n\t\t\t\t\t\t\t\t<div class=\"elementor-element elementor-element-f242799 elementor-widget elementor-widget-image\" data-id=\"f242799\" data-element_type=\"widget\" data-widget_type=\"image.default\">\n\t\t\t\t<div class=\"elementor-widget-container\">\n\t\t\t\t\t<div class=\"elementor-image\">\n\t\t\t\t\t\t\t\t\t\t<img loading=\"lazy\" decoding=\"async\" width=\"823\" height=\"1024\" src=\"https:\/\/clphoto.jennyprokopenko.ca\/wp-content\/uploads\/2023\/05\/Lincoln-Apartment-Bakery-101-e1683835198262-823x1024.jpg\" class=\"attachment-large size-large\" alt=\"\" srcset=\"https:\/\/clphoto.jennyprokopenko.ca\/wp-content\/uploads\/2023\/05\/Lincoln-Apartment-Bakery-101-e1683835198262-823x1024.jpg 823w, https:\/\/clphoto.jennyprokopenko.ca\/wp-content\/uploads\/2023\/05\/Lincoln-Apartment-Bakery-101-e1683835198262-241x300.jpg 241w, https:\/\/clphoto.jennyprokopenko.ca\/wp-content\/uploads\/2023\/05\/Lincoln-Apartment-Bakery-101-e1683835198262-768x955.jpg 768w, https:\/\/clphoto.jennyprokopenko.ca\/wp-content\/uploads\/2023\/05\/Lincoln-Apartment-Bakery-101-e1683835198262-1235x1536.jpg 1235w, https:\/\/clphoto.jennyprokopenko.ca\/wp-content\/uploads\/2023\/05\/Lincoln-Apartment-Bakery-101-e1683835198262.jpg 1427w\" sizes=\"auto, (max-width: 823px) 100vw, 823px\" \/>\t\t\t\t\t\t\t\t\t\t\t<\/div>\n\t\t\t\t<\/div>\n\t\t\t\t<\/div>\n\t\t\t\t\t<\/div>\n\t\t<\/div>\n\t\t\t\t<div class=\"elementor-column elementor-col-50 elementor-top-column elementor-element elementor-element-e506a42\" data-id=\"e506a42\" data-element_type=\"column\">\n\t\t\t<div class=\"elementor-widget-wrap elementor-element-populated\">\n\t\t\t\t\t\t\t\t<div class=\"elementor-element elementor-element-a916977 elementor-widget elementor-widget-heading\" data-id=\"a916977\" data-element_type=\"widget\" data-widget_type=\"heading.default\">\n\t\t\t\t<div class=\"elementor-widget-container\">\n\t\t\t<h2 class=\"elementor-heading-title elementor-size-large\">Portraits professionnels<\/h2>\t\t<\/div>\n\t\t\t\t<\/div>\n\t\t\t\t<div class=\"elementor-element elementor-element-10813ab elementor-widget elementor-widget-text-editor\" data-id=\"10813ab\" data-element_type=\"widget\" data-widget_type=\"text-editor.default\">\n\t\t\t\t<div class=\"elementor-widget-container\">\n\t\t\t\t\t<div class=\"elementor-text-editor elementor-clearfix\"><p style=\"font-weight: 400;\">Appel de 30 minutes (session de brainstorming)<\/p><p style=\"font-weight: 400;\">S\u00e9ance de 30 minutes (lieu \u00e0 discuter)<\/p><p style=\"font-weight: 400;\">2 changements de tenue<\/p><p style=\"font-weight: 400;\">Choix de 3 photos num\u00e9riques finales en haute r\u00e9solution<\/p><p style=\"font-weight: 400;\">Option d&rsquo;achat de la galerie compl\u00e8te<\/p><p style=\"font-weight: 400;\">\u00a0<\/p><p style=\"font-weight: 400;\">\u00c0 partir de 175$<\/p><\/div>\n\t\t\t\t<\/div>\n\t\t\t\t<\/div>\n\t\t\t\t\t<\/div>\n\t\t<\/div>\n\t\t\t\t\t\t\t<\/div>\n\t\t<\/section>\n\t\t\t\t<section class=\"elementor-section elementor-top-section elementor-element elementor-element-a2feb4a elementor-hidden-tablet elementor-hidden-phone elementor-section-boxed elementor-section-height-default elementor-section-height-default\" data-id=\"a2feb4a\" data-element_type=\"section\">\n\t\t\t\t\t\t<div class=\"elementor-container elementor-column-gap-no\">\n\t\t\t\t\t<div class=\"elementor-column elementor-col-50 elementor-top-column elementor-element elementor-element-677fa2a\" data-id=\"677fa2a\" data-element_type=\"column\">\n\t\t\t<div class=\"elementor-widget-wrap elementor-element-populated\">\n\t\t\t\t\t\t\t\t<div class=\"elementor-element elementor-element-d697c87 elementor-widget elementor-widget-heading\" data-id=\"d697c87\" data-element_type=\"widget\" data-widget_type=\"heading.default\">\n\t\t\t\t<div class=\"elementor-widget-container\">\n\t\t\t<h2 class=\"elementor-heading-title elementor-size-large\">Branding | Image de marque<\/h2>\t\t<\/div>\n\t\t\t\t<\/div>\n\t\t\t\t<div class=\"elementor-element elementor-element-68f1207 elementor-widget elementor-widget-text-editor\" data-id=\"68f1207\" data-element_type=\"widget\" data-widget_type=\"text-editor.default\">\n\t\t\t\t<div class=\"elementor-widget-container\">\n\t\t\t\t\t<div class=\"elementor-text-editor elementor-clearfix\"><p style=\"font-weight: 400;\">Appel de 30 minutes (session de brainstorming )<\/p><p style=\"font-weight: 400;\">S\u00e9ance de 1h-1.5h (Lieu \u00e0 discuter)<\/p><p style=\"font-weight: 400;\">Un choix de 25 photos num\u00e9riques finales en haute r\u00e9solution<\/p><p style=\"font-weight: 400;\">Possibilit\u00e9 d&rsquo;acheter toute la galerie<\/p><p style=\"font-weight: 400;\">\u00a0<\/p><p style=\"font-weight: 400;\">\u00c0 partir de 450$<\/p><\/div>\n\t\t\t\t<\/div>\n\t\t\t\t<\/div>\n\t\t\t\t\t<\/div>\n\t\t<\/div>\n\t\t\t\t<div class=\"elementor-column elementor-col-50 elementor-top-column elementor-element elementor-element-859ad71\" data-id=\"859ad71\" data-element_type=\"column\">\n\t\t\t<div class=\"elementor-widget-wrap elementor-element-populated\">\n\t\t\t\t\t\t\t\t<div class=\"elementor-element elementor-element-68e2415 elementor-widget elementor-widget-image\" data-id=\"68e2415\" data-element_type=\"widget\" data-widget_type=\"image.default\">\n\t\t\t\t<div class=\"elementor-widget-container\">\n\t\t\t\t\t<div class=\"elementor-image\">\n\t\t\t\t\t\t\t\t\t\t<img loading=\"lazy\" decoding=\"async\" width=\"864\" height=\"1080\" src=\"https:\/\/clphoto.jennyprokopenko.ca\/wp-content\/uploads\/2023\/05\/Dalphond-project-37.jpg\" class=\"attachment-full size-full\" alt=\"\" srcset=\"https:\/\/clphoto.jennyprokopenko.ca\/wp-content\/uploads\/2023\/05\/Dalphond-project-37.jpg 864w, https:\/\/clphoto.jennyprokopenko.ca\/wp-content\/uploads\/2023\/05\/Dalphond-project-37-240x300.jpg 240w, https:\/\/clphoto.jennyprokopenko.ca\/wp-content\/uploads\/2023\/05\/Dalphond-project-37-819x1024.jpg 819w, https:\/\/clphoto.jennyprokopenko.ca\/wp-content\/uploads\/2023\/05\/Dalphond-project-37-768x960.jpg 768w\" sizes=\"auto, (max-width: 864px) 100vw, 864px\" \/>\t\t\t\t\t\t\t\t\t\t\t<\/div>\n\t\t\t\t<\/div>\n\t\t\t\t<\/div>\n\t\t\t\t\t<\/div>\n\t\t<\/div>\n\t\t\t\t\t\t\t<\/div>\n\t\t<\/section>\n\t\t\t\t<section class=\"elementor-section elementor-top-section elementor-element elementor-element-920b02e elementor-section-boxed elementor-section-height-default elementor-section-height-default\" data-id=\"920b02e\" data-element_type=\"section\">\n\t\t\t\t\t\t<div class=\"elementor-container elementor-column-gap-wider\">\n\t\t\t\t\t<div class=\"elementor-column elementor-col-100 elementor-top-column elementor-element elementor-element-46752e1\" data-id=\"46752e1\" data-element_type=\"column\">\n\t\t\t<div class=\"elementor-widget-wrap elementor-element-populated\">\n\t\t\t\t\t\t\t\t<div class=\"elementor-element elementor-element-52e312c elementor-align-left elementor-widget elementor-widget-bdevs-services\" data-id=\"52e312c\" data-element_type=\"widget\" data-widget_type=\"bdevs-services.default\">\n\t\t\t\t<div class=\"elementor-widget-container\">\n\t\t\t\t\t<div class=\"section-padding services\">\n\t        <div class=\"container\">\n\t\t\t\t<div class=\"row\">\n\t                <div class=\"col-md-4\">\n\t                \t\t                    <h2>Options additionnelles<\/h2>\n\t                    <hr class=\"line line-hr-left\">\n\t                \t\t                \t\t                <\/div>\n\t                <div class=\"col-md-7 offset-md-1\">\n\t                    <div class=\"exstra-services\">\n\t                    \t\t                        <h5>Photo num\u00e9rique additionnelle retouch\u00e9e <span class=\"price\">30$<\/span><\/h5>\n\t                    \t\t                        <h5>La galerie enti\u00e8re avec toutes les photos num\u00e9riques retouch\u00e9es <span class=\"price\">200$<\/span><\/h5>\n\t                    \t\t                <\/div>\n\t            <\/div>\n\t        <\/div>\n\t    <\/div>\n\t\t\t<\/div>\n\t\t\t\t<\/div>\n\t\t\t\t<div class=\"elementor-element elementor-element-77422d1 line-break elementor-widget elementor-widget-heading\" data-id=\"77422d1\" data-element_type=\"widget\" data-widget_type=\"heading.default\">\n\t\t\t\t<div class=\"elementor-widget-container\">\n\t\t\t<h4 class=\"elementor-heading-title elementor-size-default\">Informations:<\/h4>\t\t<\/div>\n\t\t\t\t<\/div>\n\t\t\t\t<div class=\"elementor-element elementor-element-4c685b0 elementor-widget elementor-widget-text-editor\" data-id=\"4c685b0\" data-element_type=\"widget\" data-widget_type=\"text-editor.default\">\n\t\t\t\t<div class=\"elementor-widget-container\">\n\t\t\t\t\t<div class=\"elementor-text-editor elementor-clearfix\"><p><span style=\"font-weight: 400;\">Vous recevrez la galerie en ligne dans les 2-3 semaines suivant votre s\u00e9ance (\u00c0 l\u2019exception des mariages).<\/span><\/p><p><span style=\"font-weight: 400;\">La s\u00e9lection finale des photos doit \u00eatre effectu\u00e9e dans les 10 jours suivant la r\u00e9ception de la galerie.<\/span><\/p><p>La s\u00e9ance se d\u00e9roulera dans le lieu de votre choix (lieu de travail, \u00e0 domicile, \u00e0 l\u2019ext\u00e9rieur, autre lieu de votre choix).<\/p><p><span style=\"font-weight: 400;\">Des frais de d\u00e9placement peuvent s&rsquo;appliquer au-del\u00e0 de 50 km (aller) de Vaudreuil-Dorion.<\/span><\/p><p>*Les taxes ne sont pas incluses dans les prix list\u00e9s.<\/p><\/div>\n\t\t\t\t<\/div>\n\t\t\t\t<\/div>\n\t\t\t\t\t<\/div>\n\t\t<\/div>\n\t\t\t\t\t\t\t<\/div>\n\t\t<\/section>\n\t\t\t\t<section class=\"elementor-section elementor-top-section elementor-element elementor-element-238bca1 elementor-section-boxed elementor-section-height-default elementor-section-height-default\" data-id=\"238bca1\" data-element_type=\"section\">\n\t\t\t\t\t\t<div class=\"elementor-container elementor-column-gap-default\">\n\t\t\t\t\t<div class=\"elementor-column elementor-col-100 elementor-top-column elementor-element elementor-element-a1501a1\" data-id=\"a1501a1\" data-element_type=\"column\">\n\t\t\t<div class=\"elementor-widget-wrap elementor-element-populated\">\n\t\t\t\t\t\t\t\t<div class=\"elementor-element elementor-element-cdebe89 elementor-widget elementor-widget-button\" data-id=\"cdebe89\" data-element_type=\"widget\" data-widget_type=\"button.default\">\n\t\t\t\t<div class=\"elementor-widget-container\">\n\t\t\t\t\t<div class=\"elementor-button-wrapper\">\n\t\t\t<a href=\"https:\/\/clphoto.jennyprokopenko.ca\/contact\/\" class=\"elementor-button-link elementor-button elementor-size-xs\" role=\"button\">\n\t\t\t\t\t\t<span class=\"elementor-button-content-wrapper\">\n\t\t\t\t\t\t<span class=\"elementor-button-text\">TRAVAILLONS ENSEMBLE<\/span>\n\t\t<\/span>\n\t\t\t\t\t<\/a>\n\t\t<\/div>\n\t\t\t\t<\/div>\n\t\t\t\t<\/div>\n\t\t\t\t\t<\/div>\n\t\t<\/div>\n\t\t\t\t\t\t\t<\/div>\n\t\t<\/section>\n\t\t\t\t\t\t<\/div>\n\t\t\t\t\t<\/div>\n\t\t","protected":false},"excerpt":{"rendered":"<p>Branding | Image de marque Une session de branding vous fournit une biblioth\u00e8que de photographies qui vous pr\u00e9sente, vous la personne, votre entreprise et votre personnalit\u00e9. Les photos de marque incluent des portraits traditionnels, ainsi que ce que des photos de \u00ab\u00a0Lifestyle\u00a0\u00bb. Les photos \u00ab\u00a0Lifestyle\u00a0\u00bb peuvent \u00eatre chics ou plus d\u00e9contract\u00e9es et inclure des photos [&hellip;]<\/p>\n","protected":false},"author":1,"featured_media":0,"parent":0,"menu_order":0,"comment_status":"closed","ping_status":"closed","template":"page-templates\/home-2.php","meta":{"footnotes":""},"class_list":["post-2240","page","type-page","status-publish","hentry"],"_links":{"self":[{"href":"https:\/\/clphoto.jennyprokopenko.ca\/fr\/wp-json\/wp\/v2\/pages\/2240","targetHints":{"allow":["GET"]}}],"collection":[{"href":"https:\/\/clphoto.jennyprokopenko.ca\/fr\/wp-json\/wp\/v2\/pages"}],"about":[{"href":"https:\/\/clphoto.jennyprokopenko.ca\/fr\/wp-json\/wp\/v2\/types\/page"}],"author":[{"embeddable":true,"href":"https:\/\/clphoto.jennyprokopenko.ca\/fr\/wp-json\/wp\/v2\/users\/1"}],"replies":[{"embeddable":true,"href":"https:\/\/clphoto.jennyprokopenko.ca\/fr\/wp-json\/wp\/v2\/comments?post=2240"}],"version-history":[{"count":19,"href":"https:\/\/clphoto.jennyprokopenko.ca\/fr\/wp-json\/wp\/v2\/pages\/2240\/revisions"}],"predecessor-version":[{"id":4018,"href":"https:\/\/clphoto.jennyprokopenko.ca\/fr\/wp-json\/wp\/v2\/pages\/2240\/revisions\/4018"}],"wp:attachment":[{"href":"https:\/\/clphoto.jennyprokopenko.ca\/fr\/wp-json\/wp\/v2\/media?parent=2240"}],"curies":[{"name":"wp","href":"https:\/\/api.w.org\/{rel}","templated":true}]}}