{"id":2254,"date":"2023-02-27T17:36:21","date_gmt":"2023-02-27T17:36:21","guid":{"rendered":"https:\/\/clphoto.jennyprokopenko.ca\/investment-lifestyle\/"},"modified":"2023-05-11T19:19:11","modified_gmt":"2023-05-11T19:19:11","slug":"investment-lifestyle","status":"publish","type":"page","link":"https:\/\/clphoto.jennyprokopenko.ca\/fr\/investment-lifestyle\/","title":{"rendered":"Investment &#8211; Lifestyle"},"content":{"rendered":"\t\t<div data-elementor-type=\"wp-page\" data-elementor-id=\"2254\" class=\"elementor elementor-2254 elementor-1135\" data-elementor-settings=\"[]\">\n\t\t\t\t\t\t\t<div class=\"elementor-section-wrap\">\n\t\t\t\t\t\t\t<section class=\"elementor-section elementor-top-section elementor-element elementor-element-b534287 elementor-section-full_width elementor-section-height-default elementor-section-height-default\" data-id=\"b534287\" data-element_type=\"section\">\n\t\t\t\t\t\t<div class=\"elementor-container elementor-column-gap-no\">\n\t\t\t\t\t<div class=\"elementor-column elementor-col-100 elementor-top-column elementor-element elementor-element-3a0c3a7\" data-id=\"3a0c3a7\" data-element_type=\"column\">\n\t\t\t<div class=\"elementor-widget-wrap\">\n\t\t\t\t\t\t\t\t\t<\/div>\n\t\t<\/div>\n\t\t\t\t\t\t\t<\/div>\n\t\t<\/section>\n\t\t\t\t<section class=\"elementor-section elementor-top-section elementor-element elementor-element-a2dc486 elementor-section-full_width elementor-section-height-default elementor-section-height-default\" data-id=\"a2dc486\" data-element_type=\"section\">\n\t\t\t\t\t\t<div class=\"elementor-container elementor-column-gap-no\">\n\t\t\t\t\t<div class=\"elementor-column elementor-col-100 elementor-top-column elementor-element elementor-element-5c3fe71\" data-id=\"5c3fe71\" data-element_type=\"column\">\n\t\t\t<div class=\"elementor-widget-wrap elementor-element-populated\">\n\t\t\t\t\t\t\t\t<div class=\"elementor-element elementor-element-511f177 elementor-widget elementor-widget-image\" data-id=\"511f177\" data-element_type=\"widget\" data-widget_type=\"image.default\">\n\t\t\t\t<div class=\"elementor-widget-container\">\n\t\t\t\t\t<div class=\"elementor-image\">\n\t\t\t\t\t\t\t\t\t\t<img loading=\"lazy\" decoding=\"async\" width=\"2560\" height=\"851\" src=\"https:\/\/clphoto.jennyprokopenko.ca\/wp-content\/uploads\/2023\/04\/Fun-facts-scaled-e1681572464638.jpg\" class=\"attachment-full size-full\" alt=\"\" srcset=\"https:\/\/clphoto.jennyprokopenko.ca\/wp-content\/uploads\/2023\/04\/Fun-facts-scaled-e1681572464638.jpg 2560w, https:\/\/clphoto.jennyprokopenko.ca\/wp-content\/uploads\/2023\/04\/Fun-facts-scaled-e1681572464638-300x100.jpg 300w, https:\/\/clphoto.jennyprokopenko.ca\/wp-content\/uploads\/2023\/04\/Fun-facts-scaled-e1681572464638-1024x340.jpg 1024w, https:\/\/clphoto.jennyprokopenko.ca\/wp-content\/uploads\/2023\/04\/Fun-facts-scaled-e1681572464638-768x255.jpg 768w, https:\/\/clphoto.jennyprokopenko.ca\/wp-content\/uploads\/2023\/04\/Fun-facts-scaled-e1681572464638-1536x511.jpg 1536w, https:\/\/clphoto.jennyprokopenko.ca\/wp-content\/uploads\/2023\/04\/Fun-facts-scaled-e1681572464638-2048x681.jpg 2048w\" sizes=\"auto, (max-width: 2560px) 100vw, 2560px\" \/>\t\t\t\t\t\t\t\t\t\t\t<\/div>\n\t\t\t\t<\/div>\n\t\t\t\t<\/div>\n\t\t\t\t<div class=\"elementor-element elementor-element-da6b98c elementor-widget elementor-widget-heading\" data-id=\"da6b98c\" data-element_type=\"widget\" data-widget_type=\"heading.default\">\n\t\t\t\t<div class=\"elementor-widget-container\">\n\t\t\t<h2 class=\"elementor-heading-title elementor-size-default\">Lifestyle<\/h2>\t\t<\/div>\n\t\t\t\t<\/div>\n\t\t\t\t\t<\/div>\n\t\t<\/div>\n\t\t\t\t\t\t\t<\/div>\n\t\t<\/section>\n\t\t\t\t<section class=\"elementor-section elementor-top-section elementor-element elementor-element-70ea776 elementor-section-boxed elementor-section-height-default elementor-section-height-default\" data-id=\"70ea776\" data-element_type=\"section\">\n\t\t\t\t\t\t<div class=\"elementor-container elementor-column-gap-default\">\n\t\t\t\t\t<div class=\"elementor-column elementor-col-100 elementor-top-column elementor-element elementor-element-f851a0b\" data-id=\"f851a0b\" data-element_type=\"column\">\n\t\t\t<div class=\"elementor-widget-wrap elementor-element-populated\">\n\t\t\t\t\t\t\t\t<div class=\"elementor-element elementor-element-9997e22 elementor-widget elementor-widget-text-editor\" data-id=\"9997e22\" data-element_type=\"widget\" data-widget_type=\"text-editor.default\">\n\t\t\t\t<div class=\"elementor-widget-container\">\n\t\t\t\t\t<div class=\"elementor-text-editor elementor-clearfix\"><p><span style=\"font-weight: 400;\">La vie passe si vite. Osez capturer ces instants!<\/span><\/p>\n<p><span style=\"font-weight: 400;\">Que ce soit pour capturer un moment en amoureux, votre ventre qui grossit, vos premiers instants \u00e0 la maison avec b\u00e9b\u00e9, ou les enfants qui grandissent, je suis l\u00e0 pour capturer votre VOUS de mani\u00e8re authentique et naturelle \u00e0 travers mes photos.<\/span><\/p>\n<\/div>\n\t\t\t\t<\/div>\n\t\t\t\t<\/div>\n\t\t\t\t\t<\/div>\n\t\t<\/div>\n\t\t\t\t\t\t\t<\/div>\n\t\t<\/section>\n\t\t\t\t<section class=\"elementor-section elementor-top-section elementor-element elementor-element-aa36f8b elementor-hidden-desktop elementor-section-boxed elementor-section-height-default elementor-section-height-default\" data-id=\"aa36f8b\" data-element_type=\"section\">\n\t\t\t\t\t\t<div class=\"elementor-container elementor-column-gap-default\">\n\t\t\t\t\t<div class=\"elementor-column elementor-col-100 elementor-top-column elementor-element elementor-element-e99b566\" data-id=\"e99b566\" data-element_type=\"column\">\n\t\t\t<div class=\"elementor-widget-wrap elementor-element-populated\">\n\t\t\t\t\t\t\t\t<div class=\"elementor-element elementor-element-e523b94 elementor-widget elementor-widget-image\" data-id=\"e523b94\" data-element_type=\"widget\" data-widget_type=\"image.default\">\n\t\t\t\t<div class=\"elementor-widget-container\">\n\t\t\t\t\t<div class=\"elementor-image\">\n\t\t\t\t\t\t\t\t\t\t<img loading=\"lazy\" decoding=\"async\" width=\"2560\" height=\"1703\" src=\"https:\/\/clphoto.jennyprokopenko.ca\/wp-content\/uploads\/2023\/04\/Family-_-Couple-scaled.jpg\" class=\"attachment-full size-full\" alt=\"\" srcset=\"https:\/\/clphoto.jennyprokopenko.ca\/wp-content\/uploads\/2023\/04\/Family-_-Couple-scaled.jpg 2560w, https:\/\/clphoto.jennyprokopenko.ca\/wp-content\/uploads\/2023\/04\/Family-_-Couple-300x200.jpg 300w, https:\/\/clphoto.jennyprokopenko.ca\/wp-content\/uploads\/2023\/04\/Family-_-Couple-1024x681.jpg 1024w, https:\/\/clphoto.jennyprokopenko.ca\/wp-content\/uploads\/2023\/04\/Family-_-Couple-768x511.jpg 768w, https:\/\/clphoto.jennyprokopenko.ca\/wp-content\/uploads\/2023\/04\/Family-_-Couple-1536x1022.jpg 1536w, https:\/\/clphoto.jennyprokopenko.ca\/wp-content\/uploads\/2023\/04\/Family-_-Couple-2048x1363.jpg 2048w\" sizes=\"auto, (max-width: 2560px) 100vw, 2560px\" \/>\t\t\t\t\t\t\t\t\t\t\t<\/div>\n\t\t\t\t<\/div>\n\t\t\t\t<\/div>\n\t\t\t\t<div class=\"elementor-element elementor-element-e89250d elementor-widget elementor-widget-heading\" data-id=\"e89250d\" data-element_type=\"widget\" data-widget_type=\"heading.default\">\n\t\t\t\t<div class=\"elementor-widget-container\">\n\t\t\t<h2 class=\"elementor-heading-title elementor-size-large\">Famille &amp; Couple<\/h2>\t\t<\/div>\n\t\t\t\t<\/div>\n\t\t\t\t<div class=\"elementor-element elementor-element-dc0a2a3 elementor-widget elementor-widget-text-editor\" data-id=\"dc0a2a3\" data-element_type=\"widget\" data-widget_type=\"text-editor.default\">\n\t\t\t\t<div class=\"elementor-widget-container\">\n\t\t\t\t\t<div class=\"elementor-text-editor elementor-clearfix\"><p><span style=\"font-weight: 400;\">S\u00e9ance de 45 \u00e0 60 minutes \u00e0 domicile ou \u00e0 l\u2019ext\u00e9rieur<\/span><\/p>\n<p><span style=\"font-weight: 400;\">Un choix de 25 photos num\u00e9riques haute r\u00e9solution finales<\/span><span style=\"font-weight: 400;\"><br \/><\/span><\/p>\n<p><span style=\"font-weight: 400;\">Possibilit\u00e9 de vous procurer la galerie enti\u00e8re<\/span><\/p>\n<p><span style=\"font-weight: 400;\"><br \/><\/span><span style=\"font-weight: 400;\">*Famille imm\u00e9diate uniquement, veuillez me contacter pour des<\/span> <span style=\"font-weight: 400;\">s\u00e9ances en famille \u00e9largie<\/span><\/p>\n<p><span style=\"font-weight: 400;\">\u00c0 partir de $450<\/span><\/p>\n<\/div>\n\t\t\t\t<\/div>\n\t\t\t\t<\/div>\n\t\t\t\t\t<\/div>\n\t\t<\/div>\n\t\t\t\t\t\t\t<\/div>\n\t\t<\/section>\n\t\t\t\t<section class=\"elementor-section elementor-top-section elementor-element elementor-element-918a294 elementor-hidden-desktop elementor-section-boxed elementor-section-height-default elementor-section-height-default\" data-id=\"918a294\" data-element_type=\"section\">\n\t\t\t\t\t\t<div class=\"elementor-container elementor-column-gap-default\">\n\t\t\t\t\t<div class=\"elementor-column elementor-col-100 elementor-top-column elementor-element elementor-element-793b771\" data-id=\"793b771\" data-element_type=\"column\">\n\t\t\t<div class=\"elementor-widget-wrap elementor-element-populated\">\n\t\t\t\t\t\t\t\t<div class=\"elementor-element elementor-element-54846c2 elementor-widget elementor-widget-image\" data-id=\"54846c2\" data-element_type=\"widget\" data-widget_type=\"image.default\">\n\t\t\t\t<div class=\"elementor-widget-container\">\n\t\t\t\t\t<div class=\"elementor-image\">\n\t\t\t\t\t\t\t\t\t\t<img loading=\"lazy\" decoding=\"async\" width=\"900\" height=\"601\" src=\"https:\/\/clphoto.jennyprokopenko.ca\/wp-content\/uploads\/2023\/04\/Newborn-1024x684.jpg\" class=\"attachment-large size-large\" alt=\"\" srcset=\"https:\/\/clphoto.jennyprokopenko.ca\/wp-content\/uploads\/2023\/04\/Newborn-1024x684.jpg 1024w, https:\/\/clphoto.jennyprokopenko.ca\/wp-content\/uploads\/2023\/04\/Newborn-300x200.jpg 300w, https:\/\/clphoto.jennyprokopenko.ca\/wp-content\/uploads\/2023\/04\/Newborn-768x513.jpg 768w, https:\/\/clphoto.jennyprokopenko.ca\/wp-content\/uploads\/2023\/04\/Newborn-1536x1025.jpg 1536w, https:\/\/clphoto.jennyprokopenko.ca\/wp-content\/uploads\/2023\/04\/Newborn-2048x1367.jpg 2048w\" sizes=\"auto, (max-width: 900px) 100vw, 900px\" \/>\t\t\t\t\t\t\t\t\t\t\t<\/div>\n\t\t\t\t<\/div>\n\t\t\t\t<\/div>\n\t\t\t\t<div class=\"elementor-element elementor-element-d05fe31 elementor-widget elementor-widget-heading\" data-id=\"d05fe31\" data-element_type=\"widget\" data-widget_type=\"heading.default\">\n\t\t\t\t<div class=\"elementor-widget-container\">\n\t\t\t<h2 class=\"elementor-heading-title elementor-size-large\">Maternit\u00e9 et Nouveau-N\u00e9<\/h2>\t\t<\/div>\n\t\t\t\t<\/div>\n\t\t\t\t<div class=\"elementor-element elementor-element-e192c8c elementor-widget elementor-widget-text-editor\" data-id=\"e192c8c\" data-element_type=\"widget\" data-widget_type=\"text-editor.default\">\n\t\t\t\t<div class=\"elementor-widget-container\">\n\t\t\t\t\t<div class=\"elementor-text-editor elementor-clearfix\"><p><strong style=\"font-size: 16px; font-family: 'roboto', sans serif;\">Maternit\u00e9<\/strong><\/p>\n<p><span style=\"font-weight: 400;\">S\u00e9ance de 45 \u00e0 60 minutes \u00e0 domicile ou \u00e0 l\u2019ext\u00e9rieur<\/span><span style=\"font-weight: 400;\"><br \/><\/span><\/p>\n<p><span style=\"font-weight: 400;\">Un choix de 25 photos num\u00e9riques haute r\u00e9solution finales<\/span><\/p>\n<p><span style=\"font-weight: 400; font-size: 15px;\">\u00c0 partir de $450<\/span><span style=\"font-weight: 400;\"><br \/><\/span><\/p>\n<\/p>\n<p><strong style=\"font-size: 16px; font-family: 'roboto', sans serif;\">Nouveau-n\u00e9<\/strong><\/p>\n<p><span style=\"font-weight: 400;\">S\u00e9ance de 1h30 \u00e0 domicile<\/span><\/p>\n<p><span style=\"font-weight: 400;\">Un choix de 25 photos num\u00e9riques haute r\u00e9solution finales<\/span><\/p>\n<p><span style=\"font-weight: 400; font-size: 15px;\">\u00c0 partir de $475<\/span><span style=\"font-weight: 400;\"><br \/><\/span><\/p>\n<p><span style=\"font-weight: 400;\">*Forfait combin\u00e9 maternit\u00e9 | nouveau-n\u00e9 (\u00c0 partir de $800).<\/span><\/p>\n<\/div>\n\t\t\t\t<\/div>\n\t\t\t\t<\/div>\n\t\t\t\t\t<\/div>\n\t\t<\/div>\n\t\t\t\t\t\t\t<\/div>\n\t\t<\/section>\n\t\t\t\t<section class=\"elementor-section elementor-top-section elementor-element elementor-element-068d43f elementor-hidden-tablet elementor-hidden-phone elementor-section-boxed elementor-section-height-default elementor-section-height-default\" data-id=\"068d43f\" data-element_type=\"section\">\n\t\t\t\t\t\t<div class=\"elementor-container elementor-column-gap-no\">\n\t\t\t\t\t<div class=\"elementor-column elementor-col-50 elementor-top-column elementor-element elementor-element-7ee4031\" data-id=\"7ee4031\" data-element_type=\"column\">\n\t\t\t<div class=\"elementor-widget-wrap elementor-element-populated\">\n\t\t\t\t\t\t\t\t<div class=\"elementor-element elementor-element-9d47b1c elementor-widget elementor-widget-image\" data-id=\"9d47b1c\" data-element_type=\"widget\" data-widget_type=\"image.default\">\n\t\t\t\t<div class=\"elementor-widget-container\">\n\t\t\t\t\t<div class=\"elementor-image\">\n\t\t\t\t\t\t\t\t\t\t<img loading=\"lazy\" decoding=\"async\" width=\"2560\" height=\"1703\" src=\"https:\/\/clphoto.jennyprokopenko.ca\/wp-content\/uploads\/2023\/04\/Family-_-Couple-scaled.jpg\" class=\"attachment-full size-full\" alt=\"\" srcset=\"https:\/\/clphoto.jennyprokopenko.ca\/wp-content\/uploads\/2023\/04\/Family-_-Couple-scaled.jpg 2560w, https:\/\/clphoto.jennyprokopenko.ca\/wp-content\/uploads\/2023\/04\/Family-_-Couple-300x200.jpg 300w, https:\/\/clphoto.jennyprokopenko.ca\/wp-content\/uploads\/2023\/04\/Family-_-Couple-1024x681.jpg 1024w, https:\/\/clphoto.jennyprokopenko.ca\/wp-content\/uploads\/2023\/04\/Family-_-Couple-768x511.jpg 768w, https:\/\/clphoto.jennyprokopenko.ca\/wp-content\/uploads\/2023\/04\/Family-_-Couple-1536x1022.jpg 1536w, https:\/\/clphoto.jennyprokopenko.ca\/wp-content\/uploads\/2023\/04\/Family-_-Couple-2048x1363.jpg 2048w\" sizes=\"auto, (max-width: 2560px) 100vw, 2560px\" \/>\t\t\t\t\t\t\t\t\t\t\t<\/div>\n\t\t\t\t<\/div>\n\t\t\t\t<\/div>\n\t\t\t\t\t<\/div>\n\t\t<\/div>\n\t\t\t\t<div class=\"elementor-column elementor-col-50 elementor-top-column elementor-element elementor-element-95187ce\" data-id=\"95187ce\" data-element_type=\"column\">\n\t\t\t<div class=\"elementor-widget-wrap elementor-element-populated\">\n\t\t\t\t\t\t\t\t<div class=\"elementor-element elementor-element-812f7f1 elementor-widget elementor-widget-heading\" data-id=\"812f7f1\" data-element_type=\"widget\" data-widget_type=\"heading.default\">\n\t\t\t\t<div class=\"elementor-widget-container\">\n\t\t\t<h2 class=\"elementor-heading-title elementor-size-large\">Famille &amp; Couple<\/h2>\t\t<\/div>\n\t\t\t\t<\/div>\n\t\t\t\t<div class=\"elementor-element elementor-element-77399ec elementor-widget elementor-widget-text-editor\" data-id=\"77399ec\" data-element_type=\"widget\" data-widget_type=\"text-editor.default\">\n\t\t\t\t<div class=\"elementor-widget-container\">\n\t\t\t\t\t<div class=\"elementor-text-editor elementor-clearfix\"><p><span style=\"font-weight: 400;\">S\u00e9ance de 45 \u00e0 60 minutes \u00e0 domicile ou en ext\u00e9rieur<\/span> <span style=\"font-weight: 400;\"><br \/><\/span><span style=\"font-weight: 400;\">Un choix de 25 photos num\u00e9riques haute r\u00e9solution finales<\/span> <span style=\"font-weight: 400;\"><br \/><\/span> <span style=\"font-weight: 400;\">Possibilit\u00e9 d&rsquo;acheter toute la galerie<\/span> <span style=\"font-weight: 400;\"><br \/><\/span> <span style=\"font-weight: 400;\"><br \/><\/span><span style=\"font-weight: 400;\">*Famille imm\u00e9diate uniquement, veuillez me contacter<\/span> <span style=\"font-weight: 400;\">pour des s\u00e9ances en famille \u00e9largie<\/span><\/p>\n<p><span style=\"font-weight: 400;\">\u00c0 partir de $450<\/span><\/p>\n<\/div>\n\t\t\t\t<\/div>\n\t\t\t\t<\/div>\n\t\t\t\t\t<\/div>\n\t\t<\/div>\n\t\t\t\t\t\t\t<\/div>\n\t\t<\/section>\n\t\t\t\t<section class=\"elementor-section elementor-top-section elementor-element elementor-element-64101ba elementor-hidden-tablet elementor-hidden-phone elementor-section-boxed elementor-section-height-default elementor-section-height-default\" data-id=\"64101ba\" data-element_type=\"section\">\n\t\t\t\t\t\t<div class=\"elementor-container elementor-column-gap-no\">\n\t\t\t\t\t<div class=\"elementor-column elementor-col-50 elementor-top-column elementor-element elementor-element-1db4f36\" data-id=\"1db4f36\" data-element_type=\"column\">\n\t\t\t<div class=\"elementor-widget-wrap elementor-element-populated\">\n\t\t\t\t\t\t\t\t<div class=\"elementor-element elementor-element-a53207b elementor-widget elementor-widget-heading\" data-id=\"a53207b\" data-element_type=\"widget\" data-widget_type=\"heading.default\">\n\t\t\t\t<div class=\"elementor-widget-container\">\n\t\t\t<h2 class=\"elementor-heading-title elementor-size-large\">Maternit\u00e9 et Nouveau-N\u00e9<\/h2>\t\t<\/div>\n\t\t\t\t<\/div>\n\t\t\t\t<div class=\"elementor-element elementor-element-0a9fb76 elementor-widget elementor-widget-text-editor\" data-id=\"0a9fb76\" data-element_type=\"widget\" data-widget_type=\"text-editor.default\">\n\t\t\t\t<div class=\"elementor-widget-container\">\n\t\t\t\t\t<div class=\"elementor-text-editor elementor-clearfix\"><p><strong style=\"font-size: 16px; font-family: 'roboto', sans serif;\">Maternit\u00e9<\/strong><span style=\"font-weight: 400;\"><br \/><\/span><span style=\"font-weight: 400;\">S\u00e9ance de 45 \u00e0 60 minutes \u00e0 domicile ou \u00e0 l\u2019ext\u00e9rieur <\/span><span style=\"font-weight: 400;\"><br \/><\/span><span style=\"font-weight: 400;\">Un choix de 25 photos num\u00e9riques haute r\u00e9solution finales <\/span><\/p>\n<p><span style=\"font-weight: 400; font-size: 15px;\">\u00c0 partir de $450<\/span><span style=\"font-weight: 400;\"><br \/><\/span><\/p>\n<p><strong style=\"font-size: 16px; font-family: 'roboto', sans serif;\">Nouveau-n\u00e9 <\/strong><span style=\"font-weight: 400;\"><br \/><\/span><span style=\"font-weight: 400;\">S\u00e9ance de 1h30 \u00e0 domicile <\/span><span style=\"font-weight: 400;\"><br \/><\/span><span style=\"font-weight: 400;\">Un choix de 25 photos num\u00e9riques haute r\u00e9solution finales <\/span><\/p>\n<p><span style=\"font-weight: 400; font-size: 15px;\">\u00c0 partir de $475<\/span><span style=\"font-weight: 400;\"><br \/><\/span><\/p>\n<p><span style=\"font-weight: 400;\"><br \/><\/span><span style=\"font-weight: 400;\">*Forfait combin\u00e9 maternit\u00e9 | nouveau-n\u00e9 (\u00c0 partir de $800).<\/span><\/p>\n<\/div>\n\t\t\t\t<\/div>\n\t\t\t\t<\/div>\n\t\t\t\t\t<\/div>\n\t\t<\/div>\n\t\t\t\t<div class=\"elementor-column elementor-col-50 elementor-top-column elementor-element elementor-element-48939fc\" data-id=\"48939fc\" data-element_type=\"column\">\n\t\t\t<div class=\"elementor-widget-wrap elementor-element-populated\">\n\t\t\t\t\t\t\t\t<div class=\"elementor-element elementor-element-21a5b2c elementor-widget elementor-widget-image\" data-id=\"21a5b2c\" data-element_type=\"widget\" data-widget_type=\"image.default\">\n\t\t\t\t<div class=\"elementor-widget-container\">\n\t\t\t\t\t<div class=\"elementor-image\">\n\t\t\t\t\t\t\t\t\t\t<img loading=\"lazy\" decoding=\"async\" width=\"2560\" height=\"1709\" src=\"https:\/\/clphoto.jennyprokopenko.ca\/wp-content\/uploads\/2023\/04\/Newborn-scaled.jpg\" class=\"attachment-full size-full\" alt=\"\" srcset=\"https:\/\/clphoto.jennyprokopenko.ca\/wp-content\/uploads\/2023\/04\/Newborn-scaled.jpg 2560w, https:\/\/clphoto.jennyprokopenko.ca\/wp-content\/uploads\/2023\/04\/Newborn-300x200.jpg 300w, https:\/\/clphoto.jennyprokopenko.ca\/wp-content\/uploads\/2023\/04\/Newborn-1024x684.jpg 1024w, https:\/\/clphoto.jennyprokopenko.ca\/wp-content\/uploads\/2023\/04\/Newborn-768x513.jpg 768w, https:\/\/clphoto.jennyprokopenko.ca\/wp-content\/uploads\/2023\/04\/Newborn-1536x1025.jpg 1536w, https:\/\/clphoto.jennyprokopenko.ca\/wp-content\/uploads\/2023\/04\/Newborn-2048x1367.jpg 2048w\" sizes=\"auto, (max-width: 2560px) 100vw, 2560px\" \/>\t\t\t\t\t\t\t\t\t\t\t<\/div>\n\t\t\t\t<\/div>\n\t\t\t\t<\/div>\n\t\t\t\t\t<\/div>\n\t\t<\/div>\n\t\t\t\t\t\t\t<\/div>\n\t\t<\/section>\n\t\t\t\t<section class=\"elementor-section elementor-top-section elementor-element elementor-element-3a40952 elementor-section-boxed elementor-section-height-default elementor-section-height-default\" data-id=\"3a40952\" data-element_type=\"section\">\n\t\t\t\t\t\t<div class=\"elementor-container elementor-column-gap-default\">\n\t\t\t\t\t<div class=\"elementor-column elementor-col-100 elementor-top-column elementor-element elementor-element-dfcd1b5\" data-id=\"dfcd1b5\" data-element_type=\"column\">\n\t\t\t<div class=\"elementor-widget-wrap elementor-element-populated\">\n\t\t\t\t\t\t\t\t<div class=\"elementor-element elementor-element-247c76c elementor-align-left elementor-widget elementor-widget-bdevs-services\" data-id=\"247c76c\" data-element_type=\"widget\" data-widget_type=\"bdevs-services.default\">\n\t\t\t\t<div class=\"elementor-widget-container\">\n\t\t\t\t\t<div class=\"section-padding services\">\n\t        <div class=\"container\">\n\t\t\t\t<div class=\"row\">\n\t                <div class=\"col-md-4\">\n\t                \t\t                    <h2>Options additionnelles<\/h2>\n\t                    <hr class=\"line line-hr-left\">\n\t                \t\t                \t\t                <\/div>\n\t                <div class=\"col-md-7 offset-md-1\">\n\t                    <div class=\"exstra-services\">\n\t                    \t\t                        <h5>Photo num\u00e9rique additionnelle retouch\u00e9e <span class=\"price\">$20<\/span><\/h5>\n\t                    \t\t                        <h5>La galerie enti\u00e8re avec toutes les photos num\u00e9riques retouch\u00e9es (s\u00e9ances Lifestyle, Maternit\u00e9 et Nouveau-n\u00e9 uniquement) <span class=\"price\">$300<\/span><\/h5>\n\t                    \t\t                <\/div>\n\t            <\/div>\n\t        <\/div>\n\t    <\/div>\n\t\t\t<\/div>\n\t\t\t\t<\/div>\n\t\t\t\t\t<\/div>\n\t\t<\/div>\n\t\t\t\t\t\t\t<\/div>\n\t\t<\/section>\n\t\t\t\t<section class=\"elementor-section elementor-top-section elementor-element elementor-element-920b02e elementor-section-boxed elementor-section-height-default elementor-section-height-default\" data-id=\"920b02e\" data-element_type=\"section\">\n\t\t\t\t\t\t<div class=\"elementor-container elementor-column-gap-wider\">\n\t\t\t\t\t<div class=\"elementor-column elementor-col-100 elementor-top-column elementor-element elementor-element-46752e1\" data-id=\"46752e1\" data-element_type=\"column\">\n\t\t\t<div class=\"elementor-widget-wrap elementor-element-populated\">\n\t\t\t\t\t\t\t\t<div class=\"elementor-element elementor-element-77422d1 line-break elementor-widget elementor-widget-heading\" data-id=\"77422d1\" data-element_type=\"widget\" data-widget_type=\"heading.default\">\n\t\t\t\t<div class=\"elementor-widget-container\">\n\t\t\t<h4 class=\"elementor-heading-title elementor-size-default\">Informations:<\/h4>\t\t<\/div>\n\t\t\t\t<\/div>\n\t\t\t\t<div class=\"elementor-element elementor-element-4c685b0 elementor-widget elementor-widget-text-editor\" data-id=\"4c685b0\" data-element_type=\"widget\" data-widget_type=\"text-editor.default\">\n\t\t\t\t<div class=\"elementor-widget-container\">\n\t\t\t\t\t<div class=\"elementor-text-editor elementor-clearfix\"><p><span style=\"font-weight: 400;\">Vous recevrez la galerie en ligne dans les 2-3 semaines suivant votre s\u00e9ance (\u00c0 l\u2019exception des mariages).<\/span><\/p>\n<p><span style=\"font-weight: 400;\">La s\u00e9lection finale des photos doit \u00eatre effectu\u00e9e dans les 10 jours suivant la r\u00e9ception de la galerie.<\/span><\/p>\n<p><span style=\"font-weight: 400;\">La s\u00e9ance se d\u00e9roulera dans le lieu de votre choix (\u00e0 domicile, \u00e0 l\u2019ext\u00e9rieur, autre lieu de votre choix). \u00c0 l\u2019exception Mini-S\u00e9ances.<\/span><\/p>\n<p><span style=\"font-weight: 400;\">Des frais de d\u00e9placement peuvent s&rsquo;appliquer au-del\u00e0 de 50 km (aller) de Vaudreuil-Dorion.<\/span><\/p>\n<p>*Les taxes ne sont pas incluses dans les prix list\u00e9s.<\/p>\n<\/div>\n\t\t\t\t<\/div>\n\t\t\t\t<\/div>\n\t\t\t\t\t<\/div>\n\t\t<\/div>\n\t\t\t\t\t\t\t<\/div>\n\t\t<\/section>\n\t\t\t\t<section class=\"elementor-section elementor-top-section elementor-element elementor-element-238bca1 elementor-section-boxed elementor-section-height-default elementor-section-height-default\" data-id=\"238bca1\" data-element_type=\"section\">\n\t\t\t\t\t\t<div class=\"elementor-container elementor-column-gap-default\">\n\t\t\t\t\t<div class=\"elementor-column elementor-col-100 elementor-top-column elementor-element elementor-element-a1501a1\" data-id=\"a1501a1\" data-element_type=\"column\">\n\t\t\t<div class=\"elementor-widget-wrap elementor-element-populated\">\n\t\t\t\t\t\t\t\t<div class=\"elementor-element elementor-element-cdebe89 elementor-widget elementor-widget-button\" data-id=\"cdebe89\" data-element_type=\"widget\" data-widget_type=\"button.default\">\n\t\t\t\t<div class=\"elementor-widget-container\">\n\t\t\t\t\t<div class=\"elementor-button-wrapper\">\n\t\t\t<a href=\"https:\/\/clphoto.jennyprokopenko.ca\/fr\/contact\/\" class=\"elementor-button-link elementor-button elementor-size-xs\" role=\"button\">\n\t\t\t\t\t\t<span class=\"elementor-button-content-wrapper\">\n\t\t\t\t\t\t<span class=\"elementor-button-text\">TRAVAILLONS ENSEMBLE<\/span>\n\t\t<\/span>\n\t\t\t\t\t<\/a>\n\t\t<\/div>\n\t\t\t\t<\/div>\n\t\t\t\t<\/div>\n\t\t\t\t\t<\/div>\n\t\t<\/div>\n\t\t\t\t\t\t\t<\/div>\n\t\t<\/section>\n\t\t\t\t\t\t<\/div>\n\t\t\t\t\t<\/div>\n\t\t","protected":false},"excerpt":{"rendered":"<p>Lifestyle La vie passe si vite. Osez capturer ces instants! Que ce soit pour capturer un moment en amoureux, votre ventre qui grossit, vos premiers instants \u00e0 la maison avec b\u00e9b\u00e9, ou les enfants qui grandissent, je suis l\u00e0 pour capturer votre VOUS de mani\u00e8re authentique et naturelle \u00e0 travers mes photos. Famille &amp; Couple [&hellip;]<\/p>\n","protected":false},"author":1,"featured_media":0,"parent":0,"menu_order":0,"comment_status":"closed","ping_status":"closed","template":"page-templates\/home-2.php","meta":{"footnotes":""},"class_list":["post-2254","page","type-page","status-publish","hentry"],"_links":{"self":[{"href":"https:\/\/clphoto.jennyprokopenko.ca\/fr\/wp-json\/wp\/v2\/pages\/2254","targetHints":{"allow":["GET"]}}],"collection":[{"href":"https:\/\/clphoto.jennyprokopenko.ca\/fr\/wp-json\/wp\/v2\/pages"}],"about":[{"href":"https:\/\/clphoto.jennyprokopenko.ca\/fr\/wp-json\/wp\/v2\/types\/page"}],"author":[{"embeddable":true,"href":"https:\/\/clphoto.jennyprokopenko.ca\/fr\/wp-json\/wp\/v2\/users\/1"}],"replies":[{"embeddable":true,"href":"https:\/\/clphoto.jennyprokopenko.ca\/fr\/wp-json\/wp\/v2\/comments?post=2254"}],"version-history":[{"count":43,"href":"https:\/\/clphoto.jennyprokopenko.ca\/fr\/wp-json\/wp\/v2\/pages\/2254\/revisions"}],"predecessor-version":[{"id":3989,"href":"https:\/\/clphoto.jennyprokopenko.ca\/fr\/wp-json\/wp\/v2\/pages\/2254\/revisions\/3989"}],"wp:attachment":[{"href":"https:\/\/clphoto.jennyprokopenko.ca\/fr\/wp-json\/wp\/v2\/media?parent=2254"}],"curies":[{"name":"wp","href":"https:\/\/api.w.org\/{rel}","templated":true}]}}