{"id":2258,"date":"2023-02-28T01:55:46","date_gmt":"2023-02-28T01:55:46","guid":{"rendered":"https:\/\/clphoto.jennyprokopenko.ca\/portfolio\/"},"modified":"2023-05-11T18:05:40","modified_gmt":"2023-05-11T18:05:40","slug":"portfolio1","status":"publish","type":"page","link":"https:\/\/clphoto.jennyprokopenko.ca\/fr\/portfolio1\/","title":{"rendered":"Portfolio"},"content":{"rendered":"\t\t<div data-elementor-type=\"wp-page\" data-elementor-id=\"2258\" class=\"elementor elementor-2258 elementor-1721\" data-elementor-settings=\"[]\">\n\t\t\t\t\t\t\t<div class=\"elementor-section-wrap\">\n\t\t\t\t\t\t\t<section class=\"elementor-section elementor-top-section elementor-element elementor-element-b534287 elementor-section-full_width elementor-section-height-default elementor-section-height-default\" data-id=\"b534287\" data-element_type=\"section\">\n\t\t\t\t\t\t<div class=\"elementor-container elementor-column-gap-no\">\n\t\t\t\t\t<div class=\"elementor-column elementor-col-100 elementor-top-column elementor-element elementor-element-3a0c3a7\" data-id=\"3a0c3a7\" data-element_type=\"column\">\n\t\t\t<div class=\"elementor-widget-wrap\">\n\t\t\t\t\t\t\t\t\t<\/div>\n\t\t<\/div>\n\t\t\t\t\t\t\t<\/div>\n\t\t<\/section>\n\t\t\t\t<section class=\"elementor-section elementor-top-section elementor-element elementor-element-a2dc486 elementor-section-full_width elementor-section-height-default elementor-section-height-default\" data-id=\"a2dc486\" data-element_type=\"section\">\n\t\t\t\t\t\t<div class=\"elementor-container elementor-column-gap-no\">\n\t\t\t\t\t<div class=\"elementor-column elementor-col-100 elementor-top-column elementor-element elementor-element-5c3fe71\" data-id=\"5c3fe71\" data-element_type=\"column\">\n\t\t\t<div class=\"elementor-widget-wrap elementor-element-populated\">\n\t\t\t\t\t\t\t\t<div class=\"elementor-element elementor-element-511f177 elementor-widget elementor-widget-image\" data-id=\"511f177\" data-element_type=\"widget\" data-widget_type=\"image.default\">\n\t\t\t\t<div class=\"elementor-widget-container\">\n\t\t\t\t\t<div class=\"elementor-image\">\n\t\t\t\t\t\t\t\t\t\t<img loading=\"lazy\" decoding=\"async\" width=\"2048\" height=\"650\" src=\"https:\/\/clphoto.jennyprokopenko.ca\/wp-content\/uploads\/2023\/04\/Portfolio-banner-e1681576781463.jpg\" class=\"attachment-full size-full\" alt=\"\" srcset=\"https:\/\/clphoto.jennyprokopenko.ca\/wp-content\/uploads\/2023\/04\/Portfolio-banner-e1681576781463.jpg 2048w, https:\/\/clphoto.jennyprokopenko.ca\/wp-content\/uploads\/2023\/04\/Portfolio-banner-e1681576781463-300x95.jpg 300w, https:\/\/clphoto.jennyprokopenko.ca\/wp-content\/uploads\/2023\/04\/Portfolio-banner-e1681576781463-1024x325.jpg 1024w, https:\/\/clphoto.jennyprokopenko.ca\/wp-content\/uploads\/2023\/04\/Portfolio-banner-e1681576781463-768x244.jpg 768w, https:\/\/clphoto.jennyprokopenko.ca\/wp-content\/uploads\/2023\/04\/Portfolio-banner-e1681576781463-1536x488.jpg 1536w\" sizes=\"auto, (max-width: 2048px) 100vw, 2048px\" \/>\t\t\t\t\t\t\t\t\t\t\t<\/div>\n\t\t\t\t<\/div>\n\t\t\t\t<\/div>\n\t\t\t\t<div class=\"elementor-element elementor-element-75bb41d elementor-widget elementor-widget-heading\" data-id=\"75bb41d\" data-element_type=\"widget\" data-widget_type=\"heading.default\">\n\t\t\t\t<div class=\"elementor-widget-container\">\n\t\t\t<h2 class=\"elementor-heading-title elementor-size-default\">Portfolio<\/h2>\t\t<\/div>\n\t\t\t\t<\/div>\n\t\t\t\t\t<\/div>\n\t\t<\/div>\n\t\t\t\t\t\t\t<\/div>\n\t\t<\/section>\n\t\t\t\t<section class=\"elementor-section elementor-top-section elementor-element elementor-element-c775f28 elementor-hidden-desktop elementor-section-boxed elementor-section-height-default elementor-section-height-default\" data-id=\"c775f28\" data-element_type=\"section\">\n\t\t\t\t\t\t<div class=\"elementor-container elementor-column-gap-default\">\n\t\t\t\t\t<div class=\"elementor-column elementor-col-100 elementor-top-column elementor-element elementor-element-32af56b\" data-id=\"32af56b\" data-element_type=\"column\">\n\t\t\t<div class=\"elementor-widget-wrap elementor-element-populated\">\n\t\t\t\t\t\t\t\t<div class=\"elementor-element elementor-element-48c187c elementor-widget elementor-widget-heading\" data-id=\"48c187c\" data-element_type=\"widget\" data-widget_type=\"heading.default\">\n\t\t\t\t<div class=\"elementor-widget-container\">\n\t\t\t<h2 class=\"elementor-heading-title elementor-size-default\">Famille<\/h2>\t\t<\/div>\n\t\t\t\t<\/div>\n\t\t\t\t<div class=\"elementor-element elementor-element-57ea562 elementor-widget elementor-widget-image\" data-id=\"57ea562\" data-element_type=\"widget\" data-widget_type=\"image.default\">\n\t\t\t\t<div class=\"elementor-widget-container\">\n\t\t\t\t\t<div class=\"elementor-image\">\n\t\t\t\t\t\t\t\t\t\t\t<a href=\"https:\/\/clphoto.jennyprokopenko.ca\/portfolio-lifestyle\/\">\n\t\t\t\t\t\t\t<img loading=\"lazy\" decoding=\"async\" width=\"900\" height=\"769\" src=\"https:\/\/clphoto.jennyprokopenko.ca\/wp-content\/uploads\/2023\/04\/Family-Cover-e1682453566911-1024x875.jpg\" class=\"attachment-large size-large\" alt=\"\" srcset=\"https:\/\/clphoto.jennyprokopenko.ca\/wp-content\/uploads\/2023\/04\/Family-Cover-e1682453566911-1024x875.jpg 1024w, https:\/\/clphoto.jennyprokopenko.ca\/wp-content\/uploads\/2023\/04\/Family-Cover-e1682453566911-300x256.jpg 300w, https:\/\/clphoto.jennyprokopenko.ca\/wp-content\/uploads\/2023\/04\/Family-Cover-e1682453566911-768x656.jpg 768w, https:\/\/clphoto.jennyprokopenko.ca\/wp-content\/uploads\/2023\/04\/Family-Cover-e1682453566911.jpg 1361w\" sizes=\"auto, (max-width: 900px) 100vw, 900px\" \/>\t\t\t\t\t\t\t\t<\/a>\n\t\t\t\t\t\t\t\t\t\t\t<\/div>\n\t\t\t\t<\/div>\n\t\t\t\t<\/div>\n\t\t\t\t<div class=\"elementor-element elementor-element-78f766f elementor-widget elementor-widget-heading\" data-id=\"78f766f\" data-element_type=\"widget\" data-widget_type=\"heading.default\">\n\t\t\t\t<div class=\"elementor-widget-container\">\n\t\t\t<h2 class=\"elementor-heading-title elementor-size-default\">Maternit\u00e9 | Nouveau-n\u00e9<\/h2>\t\t<\/div>\n\t\t\t\t<\/div>\n\t\t\t\t<div class=\"elementor-element elementor-element-051de4a elementor-widget elementor-widget-image\" data-id=\"051de4a\" data-element_type=\"widget\" data-widget_type=\"image.default\">\n\t\t\t\t<div class=\"elementor-widget-container\">\n\t\t\t\t\t<div class=\"elementor-image\">\n\t\t\t\t\t\t\t\t\t\t\t<a href=\"https:\/\/clphoto.jennyprokopenko.ca\/portfolio-newborn\/\">\n\t\t\t\t\t\t\t<img loading=\"lazy\" decoding=\"async\" width=\"900\" height=\"765\" src=\"https:\/\/clphoto.jennyprokopenko.ca\/wp-content\/uploads\/2023\/04\/Newborn-cover-e1682453480687-1024x870.jpg\" class=\"attachment-large size-large\" alt=\"\" srcset=\"https:\/\/clphoto.jennyprokopenko.ca\/wp-content\/uploads\/2023\/04\/Newborn-cover-e1682453480687-1024x870.jpg 1024w, https:\/\/clphoto.jennyprokopenko.ca\/wp-content\/uploads\/2023\/04\/Newborn-cover-e1682453480687-300x255.jpg 300w, https:\/\/clphoto.jennyprokopenko.ca\/wp-content\/uploads\/2023\/04\/Newborn-cover-e1682453480687-768x652.jpg 768w, https:\/\/clphoto.jennyprokopenko.ca\/wp-content\/uploads\/2023\/04\/Newborn-cover-e1682453480687-1536x1305.jpg 1536w, https:\/\/clphoto.jennyprokopenko.ca\/wp-content\/uploads\/2023\/04\/Newborn-cover-e1682453480687.jpg 1602w\" sizes=\"auto, (max-width: 900px) 100vw, 900px\" \/>\t\t\t\t\t\t\t\t<\/a>\n\t\t\t\t\t\t\t\t\t\t\t<\/div>\n\t\t\t\t<\/div>\n\t\t\t\t<\/div>\n\t\t\t\t<div class=\"elementor-element elementor-element-a611592 elementor-widget elementor-widget-heading\" data-id=\"a611592\" data-element_type=\"widget\" data-widget_type=\"heading.default\">\n\t\t\t\t<div class=\"elementor-widget-container\">\n\t\t\t<h2 class=\"elementor-heading-title elementor-size-default\">Mariage<\/h2>\t\t<\/div>\n\t\t\t\t<\/div>\n\t\t\t\t<div class=\"elementor-element elementor-element-8fd9b5b elementor-widget elementor-widget-image\" data-id=\"8fd9b5b\" data-element_type=\"widget\" data-widget_type=\"image.default\">\n\t\t\t\t<div class=\"elementor-widget-container\">\n\t\t\t\t\t<div class=\"elementor-image\">\n\t\t\t\t\t\t\t\t\t\t\t<a href=\"https:\/\/clphoto.jennyprokopenko.ca\/portfolio-wedding\/\">\n\t\t\t\t\t\t\t<img loading=\"lazy\" decoding=\"async\" width=\"900\" height=\"769\" src=\"https:\/\/clphoto.jennyprokopenko.ca\/wp-content\/uploads\/2023\/04\/Wedding-Cover-e1681606234334-1024x875.jpg\" class=\"attachment-large size-large\" alt=\"\" srcset=\"https:\/\/clphoto.jennyprokopenko.ca\/wp-content\/uploads\/2023\/04\/Wedding-Cover-e1681606234334-1024x875.jpg 1024w, https:\/\/clphoto.jennyprokopenko.ca\/wp-content\/uploads\/2023\/04\/Wedding-Cover-e1681606234334-300x256.jpg 300w, https:\/\/clphoto.jennyprokopenko.ca\/wp-content\/uploads\/2023\/04\/Wedding-Cover-e1681606234334-768x656.jpg 768w, https:\/\/clphoto.jennyprokopenko.ca\/wp-content\/uploads\/2023\/04\/Wedding-Cover-e1681606234334-1536x1313.jpg 1536w, https:\/\/clphoto.jennyprokopenko.ca\/wp-content\/uploads\/2023\/04\/Wedding-Cover-e1681606234334.jpg 1590w\" sizes=\"auto, (max-width: 900px) 100vw, 900px\" \/>\t\t\t\t\t\t\t\t<\/a>\n\t\t\t\t\t\t\t\t\t\t\t<\/div>\n\t\t\t\t<\/div>\n\t\t\t\t<\/div>\n\t\t\t\t<div class=\"elementor-element elementor-element-378a39f elementor-widget elementor-widget-heading\" data-id=\"378a39f\" data-element_type=\"widget\" data-widget_type=\"heading.default\">\n\t\t\t\t<div class=\"elementor-widget-container\">\n\t\t\t<h2 class=\"elementor-heading-title elementor-size-default\">Branding | Corporate<\/h2>\t\t<\/div>\n\t\t\t\t<\/div>\n\t\t\t\t<div class=\"elementor-element elementor-element-ccf7413 elementor-widget elementor-widget-image\" data-id=\"ccf7413\" data-element_type=\"widget\" data-widget_type=\"image.default\">\n\t\t\t\t<div class=\"elementor-widget-container\">\n\t\t\t\t\t<div class=\"elementor-image\">\n\t\t\t\t\t\t\t\t\t\t\t<a href=\"https:\/\/clphoto.jennyprokopenko.ca\/portfolio-commercial\/\">\n\t\t\t\t\t\t\t<img loading=\"lazy\" decoding=\"async\" width=\"900\" height=\"767\" src=\"https:\/\/clphoto.jennyprokopenko.ca\/wp-content\/uploads\/2023\/04\/Branding-cover-e1682453086429-1024x873.jpg\" class=\"attachment-large size-large\" alt=\"\" srcset=\"https:\/\/clphoto.jennyprokopenko.ca\/wp-content\/uploads\/2023\/04\/Branding-cover-e1682453086429-1024x873.jpg 1024w, https:\/\/clphoto.jennyprokopenko.ca\/wp-content\/uploads\/2023\/04\/Branding-cover-e1682453086429-300x256.jpg 300w, https:\/\/clphoto.jennyprokopenko.ca\/wp-content\/uploads\/2023\/04\/Branding-cover-e1682453086429-768x655.jpg 768w, https:\/\/clphoto.jennyprokopenko.ca\/wp-content\/uploads\/2023\/04\/Branding-cover-e1682453086429.jpg 1428w\" sizes=\"auto, (max-width: 900px) 100vw, 900px\" \/>\t\t\t\t\t\t\t\t<\/a>\n\t\t\t\t\t\t\t\t\t\t\t<\/div>\n\t\t\t\t<\/div>\n\t\t\t\t<\/div>\n\t\t\t\t\t<\/div>\n\t\t<\/div>\n\t\t\t\t\t\t\t<\/div>\n\t\t<\/section>\n\t\t\t\t<section class=\"elementor-section elementor-top-section elementor-element elementor-element-20bd3ae elementor-hidden-tablet elementor-hidden-phone elementor-section-boxed elementor-section-height-default elementor-section-height-default\" data-id=\"20bd3ae\" data-element_type=\"section\">\n\t\t\t\t\t\t<div class=\"elementor-container elementor-column-gap-default\">\n\t\t\t\t\t<div class=\"elementor-column elementor-col-50 elementor-top-column elementor-element elementor-element-364a1b1\" data-id=\"364a1b1\" data-element_type=\"column\">\n\t\t\t<div class=\"elementor-widget-wrap elementor-element-populated\">\n\t\t\t\t\t\t\t\t<div class=\"elementor-element elementor-element-519cca8 elementor-widget elementor-widget-heading\" data-id=\"519cca8\" data-element_type=\"widget\" data-widget_type=\"heading.default\">\n\t\t\t\t<div class=\"elementor-widget-container\">\n\t\t\t<h2 class=\"elementor-heading-title elementor-size-default\">Famille<\/h2>\t\t<\/div>\n\t\t\t\t<\/div>\n\t\t\t\t<div class=\"elementor-element elementor-element-57e08a6 elementor-widget elementor-widget-image\" data-id=\"57e08a6\" data-element_type=\"widget\" data-widget_type=\"image.default\">\n\t\t\t\t<div class=\"elementor-widget-container\">\n\t\t\t\t\t<div class=\"elementor-image\">\n\t\t\t\t\t\t\t\t\t\t\t<a href=\"https:\/\/clphoto.jennyprokopenko.ca\/portfolio-lifestyle\/\">\n\t\t\t\t\t\t\t<img loading=\"lazy\" decoding=\"async\" width=\"900\" height=\"769\" src=\"https:\/\/clphoto.jennyprokopenko.ca\/wp-content\/uploads\/2023\/04\/Family-Cover-e1682453566911-1024x875.jpg\" class=\"attachment-large size-large\" alt=\"\" srcset=\"https:\/\/clphoto.jennyprokopenko.ca\/wp-content\/uploads\/2023\/04\/Family-Cover-e1682453566911-1024x875.jpg 1024w, https:\/\/clphoto.jennyprokopenko.ca\/wp-content\/uploads\/2023\/04\/Family-Cover-e1682453566911-300x256.jpg 300w, https:\/\/clphoto.jennyprokopenko.ca\/wp-content\/uploads\/2023\/04\/Family-Cover-e1682453566911-768x656.jpg 768w, https:\/\/clphoto.jennyprokopenko.ca\/wp-content\/uploads\/2023\/04\/Family-Cover-e1682453566911.jpg 1361w\" sizes=\"auto, (max-width: 900px) 100vw, 900px\" \/>\t\t\t\t\t\t\t\t<\/a>\n\t\t\t\t\t\t\t\t\t\t\t<\/div>\n\t\t\t\t<\/div>\n\t\t\t\t<\/div>\n\t\t\t\t\t<\/div>\n\t\t<\/div>\n\t\t\t\t<div class=\"elementor-column elementor-col-50 elementor-top-column elementor-element elementor-element-e94cabd\" data-id=\"e94cabd\" data-element_type=\"column\">\n\t\t\t<div class=\"elementor-widget-wrap elementor-element-populated\">\n\t\t\t\t\t\t\t\t<div class=\"elementor-element elementor-element-2adbdf2 elementor-widget elementor-widget-heading\" data-id=\"2adbdf2\" data-element_type=\"widget\" data-widget_type=\"heading.default\">\n\t\t\t\t<div class=\"elementor-widget-container\">\n\t\t\t<h2 class=\"elementor-heading-title elementor-size-default\">Maternit\u00e9 | Nouveau-n\u00e9<\/h2>\t\t<\/div>\n\t\t\t\t<\/div>\n\t\t\t\t<div class=\"elementor-element elementor-element-ac59ead elementor-widget elementor-widget-image\" data-id=\"ac59ead\" data-element_type=\"widget\" data-widget_type=\"image.default\">\n\t\t\t\t<div class=\"elementor-widget-container\">\n\t\t\t\t\t<div class=\"elementor-image\">\n\t\t\t\t\t\t\t\t\t\t\t<a href=\"https:\/\/clphoto.jennyprokopenko.ca\/portfolio-newborn\/\">\n\t\t\t\t\t\t\t<img loading=\"lazy\" decoding=\"async\" width=\"900\" height=\"765\" src=\"https:\/\/clphoto.jennyprokopenko.ca\/wp-content\/uploads\/2023\/04\/Newborn-cover-e1682453480687-1024x870.jpg\" class=\"attachment-large size-large\" alt=\"\" srcset=\"https:\/\/clphoto.jennyprokopenko.ca\/wp-content\/uploads\/2023\/04\/Newborn-cover-e1682453480687-1024x870.jpg 1024w, https:\/\/clphoto.jennyprokopenko.ca\/wp-content\/uploads\/2023\/04\/Newborn-cover-e1682453480687-300x255.jpg 300w, https:\/\/clphoto.jennyprokopenko.ca\/wp-content\/uploads\/2023\/04\/Newborn-cover-e1682453480687-768x652.jpg 768w, https:\/\/clphoto.jennyprokopenko.ca\/wp-content\/uploads\/2023\/04\/Newborn-cover-e1682453480687-1536x1305.jpg 1536w, https:\/\/clphoto.jennyprokopenko.ca\/wp-content\/uploads\/2023\/04\/Newborn-cover-e1682453480687.jpg 1602w\" sizes=\"auto, (max-width: 900px) 100vw, 900px\" \/>\t\t\t\t\t\t\t\t<\/a>\n\t\t\t\t\t\t\t\t\t\t\t<\/div>\n\t\t\t\t<\/div>\n\t\t\t\t<\/div>\n\t\t\t\t\t<\/div>\n\t\t<\/div>\n\t\t\t\t\t\t\t<\/div>\n\t\t<\/section>\n\t\t\t\t<section class=\"elementor-section elementor-top-section elementor-element elementor-element-62e1229 elementor-hidden-tablet elementor-hidden-phone elementor-section-boxed elementor-section-height-default elementor-section-height-default\" data-id=\"62e1229\" data-element_type=\"section\">\n\t\t\t\t\t\t<div class=\"elementor-container elementor-column-gap-default\">\n\t\t\t\t\t<div class=\"elementor-column elementor-col-50 elementor-top-column elementor-element elementor-element-5f3e4e8\" data-id=\"5f3e4e8\" data-element_type=\"column\">\n\t\t\t<div class=\"elementor-widget-wrap elementor-element-populated\">\n\t\t\t\t\t\t\t\t<div class=\"elementor-element elementor-element-849a697 elementor-widget elementor-widget-heading\" data-id=\"849a697\" data-element_type=\"widget\" data-widget_type=\"heading.default\">\n\t\t\t\t<div class=\"elementor-widget-container\">\n\t\t\t<h2 class=\"elementor-heading-title elementor-size-default\">Mariage<\/h2>\t\t<\/div>\n\t\t\t\t<\/div>\n\t\t\t\t<div class=\"elementor-element elementor-element-8dd038a elementor-widget elementor-widget-image\" data-id=\"8dd038a\" data-element_type=\"widget\" data-widget_type=\"image.default\">\n\t\t\t\t<div class=\"elementor-widget-container\">\n\t\t\t\t\t<div class=\"elementor-image\">\n\t\t\t\t\t\t\t\t\t\t\t<a href=\"https:\/\/clphoto.jennyprokopenko.ca\/portfolio-wedding\/\">\n\t\t\t\t\t\t\t<img loading=\"lazy\" decoding=\"async\" width=\"900\" height=\"769\" src=\"https:\/\/clphoto.jennyprokopenko.ca\/wp-content\/uploads\/2023\/04\/Wedding-Cover-e1681606234334-1024x875.jpg\" class=\"attachment-large size-large\" alt=\"\" srcset=\"https:\/\/clphoto.jennyprokopenko.ca\/wp-content\/uploads\/2023\/04\/Wedding-Cover-e1681606234334-1024x875.jpg 1024w, https:\/\/clphoto.jennyprokopenko.ca\/wp-content\/uploads\/2023\/04\/Wedding-Cover-e1681606234334-300x256.jpg 300w, https:\/\/clphoto.jennyprokopenko.ca\/wp-content\/uploads\/2023\/04\/Wedding-Cover-e1681606234334-768x656.jpg 768w, https:\/\/clphoto.jennyprokopenko.ca\/wp-content\/uploads\/2023\/04\/Wedding-Cover-e1681606234334-1536x1313.jpg 1536w, https:\/\/clphoto.jennyprokopenko.ca\/wp-content\/uploads\/2023\/04\/Wedding-Cover-e1681606234334.jpg 1590w\" sizes=\"auto, (max-width: 900px) 100vw, 900px\" \/>\t\t\t\t\t\t\t\t<\/a>\n\t\t\t\t\t\t\t\t\t\t\t<\/div>\n\t\t\t\t<\/div>\n\t\t\t\t<\/div>\n\t\t\t\t\t<\/div>\n\t\t<\/div>\n\t\t\t\t<div class=\"elementor-column elementor-col-50 elementor-top-column elementor-element elementor-element-b5e8ed7\" data-id=\"b5e8ed7\" data-element_type=\"column\">\n\t\t\t<div class=\"elementor-widget-wrap elementor-element-populated\">\n\t\t\t\t\t\t\t\t<div class=\"elementor-element elementor-element-ca67a7e elementor-widget elementor-widget-heading\" data-id=\"ca67a7e\" data-element_type=\"widget\" data-widget_type=\"heading.default\">\n\t\t\t\t<div class=\"elementor-widget-container\">\n\t\t\t<h2 class=\"elementor-heading-title elementor-size-default\">Branding | Corporate<\/h2>\t\t<\/div>\n\t\t\t\t<\/div>\n\t\t\t\t<div class=\"elementor-element elementor-element-be0c8d8 elementor-widget elementor-widget-image\" data-id=\"be0c8d8\" data-element_type=\"widget\" data-widget_type=\"image.default\">\n\t\t\t\t<div class=\"elementor-widget-container\">\n\t\t\t\t\t<div class=\"elementor-image\">\n\t\t\t\t\t\t\t\t\t\t\t<a href=\"https:\/\/clphoto.jennyprokopenko.ca\/portfolio-commercial\/\">\n\t\t\t\t\t\t\t<img loading=\"lazy\" decoding=\"async\" width=\"900\" height=\"767\" src=\"https:\/\/clphoto.jennyprokopenko.ca\/wp-content\/uploads\/2023\/04\/Branding-cover-e1682453086429-1024x873.jpg\" class=\"attachment-large size-large\" alt=\"\" srcset=\"https:\/\/clphoto.jennyprokopenko.ca\/wp-content\/uploads\/2023\/04\/Branding-cover-e1682453086429-1024x873.jpg 1024w, https:\/\/clphoto.jennyprokopenko.ca\/wp-content\/uploads\/2023\/04\/Branding-cover-e1682453086429-300x256.jpg 300w, https:\/\/clphoto.jennyprokopenko.ca\/wp-content\/uploads\/2023\/04\/Branding-cover-e1682453086429-768x655.jpg 768w, https:\/\/clphoto.jennyprokopenko.ca\/wp-content\/uploads\/2023\/04\/Branding-cover-e1682453086429.jpg 1428w\" sizes=\"auto, (max-width: 900px) 100vw, 900px\" \/>\t\t\t\t\t\t\t\t<\/a>\n\t\t\t\t\t\t\t\t\t\t\t<\/div>\n\t\t\t\t<\/div>\n\t\t\t\t<\/div>\n\t\t\t\t\t<\/div>\n\t\t<\/div>\n\t\t\t\t\t\t\t<\/div>\n\t\t<\/section>\n\t\t\t\t\t\t<\/div>\n\t\t\t\t\t<\/div>\n\t\t","protected":false},"excerpt":{"rendered":"<p>Portfolio Famille Maternit\u00e9 | Nouveau-n\u00e9 Mariage Branding | Corporate Famille Maternit\u00e9 | Nouveau-n\u00e9 Mariage Branding | Corporate<\/p>\n","protected":false},"author":1,"featured_media":0,"parent":0,"menu_order":0,"comment_status":"closed","ping_status":"closed","template":"page-templates\/home-2.php","meta":{"footnotes":""},"class_list":["post-2258","page","type-page","status-publish","hentry"],"_links":{"self":[{"href":"https:\/\/clphoto.jennyprokopenko.ca\/fr\/wp-json\/wp\/v2\/pages\/2258","targetHints":{"allow":["GET"]}}],"collection":[{"href":"https:\/\/clphoto.jennyprokopenko.ca\/fr\/wp-json\/wp\/v2\/pages"}],"about":[{"href":"https:\/\/clphoto.jennyprokopenko.ca\/fr\/wp-json\/wp\/v2\/types\/page"}],"author":[{"embeddable":true,"href":"https:\/\/clphoto.jennyprokopenko.ca\/fr\/wp-json\/wp\/v2\/users\/1"}],"replies":[{"embeddable":true,"href":"https:\/\/clphoto.jennyprokopenko.ca\/fr\/wp-json\/wp\/v2\/comments?post=2258"}],"version-history":[{"count":28,"href":"https:\/\/clphoto.jennyprokopenko.ca\/fr\/wp-json\/wp\/v2\/pages\/2258\/revisions"}],"predecessor-version":[{"id":3932,"href":"https:\/\/clphoto.jennyprokopenko.ca\/fr\/wp-json\/wp\/v2\/pages\/2258\/revisions\/3932"}],"wp:attachment":[{"href":"https:\/\/clphoto.jennyprokopenko.ca\/fr\/wp-json\/wp\/v2\/media?parent=2258"}],"curies":[{"name":"wp","href":"https:\/\/api.w.org\/{rel}","templated":true}]}}